{"id":1318,"date":"2022-04-19T07:22:49","date_gmt":"2022-04-19T07:22:49","guid":{"rendered":"http:\/\/bracketweb.com\/ambedwp\/?page_id=55"},"modified":"2026-01-08T12:54:07","modified_gmt":"2026-01-08T12:54:07","slug":"o-nama","status":"publish","type":"page","link":"https:\/\/spraymajstor.com.hr\/?page_id=1318","title":{"rendered":"O NAMA"},"content":{"rendered":"\t\t<div data-elementor-type=\"wp-page\" data-elementor-id=\"1318\" class=\"elementor elementor-1318\">\n\t\t\t\t\t\t<section class=\"elementor-section elementor-top-section elementor-element elementor-element-5e627ab elementor-section-full_width elementor-section-height-default elementor-section-height-default\" data-id=\"5e627ab\" data-element_type=\"section\" data-e-type=\"section\">\n\t\t\t\t\t\t<div class=\"elementor-container elementor-column-gap-no\">\n\t\t\t\t\t<div class=\"elementor-column elementor-col-100 elementor-top-column elementor-element elementor-element-2c14a0e\" data-id=\"2c14a0e\" data-element_type=\"column\" data-e-type=\"column\">\n\t\t\t<div class=\"elementor-widget-wrap elementor-element-populated\">\n\t\t\t\t\t\t<div class=\"elementor-element elementor-element-f5ac1b0 elementor-widget elementor-widget-ambed-about\" data-id=\"f5ac1b0\" data-element_type=\"widget\" data-e-type=\"widget\" data-widget_type=\"ambed-about.default\">\n\t\t\t\t<div class=\"elementor-widget-container\">\n\t\t\t\t\t\t<!--About Two Start-->\r\n\t<section class=\"about-two\">\r\n\t\t<div class=\"container\">\r\n\t\t\t<div class=\"row\">\r\n\t\t\t\t<div class=\"col-xl-5\">\r\n\t\t\t\t\t<div class=\"about-two__left\">\r\n\t\t\t\t\t\t\t\t\t\t\t\t\t<div class=\"section-title text-left\">\r\n\t\t\t\t\t\t\t\t\t\t\t\t\t\t\t\t\t<span class=\"section-title__tagline\">O NAMA - SPRAYMAJSTOR\n<\/span>\r\n\t\t\t\t\t\t\t\t\t\t\t\t\t\t\t\t\t\t\t\t\t\t\t\t\t<h2 class=\"section-title__title\">Majstori za strojno (airless) bojanje zidova\n<\/h2>\r\n\t\t\t\t\t\t\t\t\t<div class=\"section-title__line\"><\/div>\r\n\t\t\t\t\t\t\t\t\r\n\t\t\t\t\t\t\t<\/div>\r\n\t\t\t\t\t\t\t\t\t\t\t\t\t\t\t\t\t\t\t<p class=\"about-two__text-1\">Specijalizirana usluga za profesionalno strojno bojanje zidova u Zagrebu i okolici. Fokusirani smo na brzu, urednu i kvalitetnu izvedbu, bez tragova valjka i bez dugog \u010dekanja na termin.\n<\/p>\r\n\t\t\t\t\t\t\t\t\t\t\t\t\t\t\t\t\t\t\t<p class=\"about-two__text-2\"> Koristimo modernu airless tehnologiju bojanja koja omogu\u0107uje ravnomjeran nanos boje i vrhunski zavr\u0161ni izgled.\n\n\nVr\u0161imo bojanje stanova, ku\u0107a i poslovnih prostora uz maksimalnu pa\u017enju prema prostoru i detaljima.\n<\/p>\r\n\t\t\t\t\t\t\t\t\t\t\t\t<div class=\"about-two__points-box\">\r\n\t\t\t\t\t\t\t\t\t\t\t\t\t\t\t<div class=\"about-two__points-left\">\r\n\t\t\t\t\t\t\t\t\t<ul class=\"list-unstyled about-two__points ml-0\">\r\n\t\t\t\t\t\t\t\t\t\t<li>\r\n\t\t\t\t\t\t\t\t\t\t\t<div class=\"icon\">\r\n\t\t\t\t\t\t\t\t\t\t\t\t<span aria-hidden=\"true\" class=\"  icon-confirmation\"><\/span>\t\t\t\t\t\t\t\t\t\t\t<\/div>\r\n\t\t\t\t\t\t\t\t\t\t\t<div class=\"text\">\r\n\t\t\t\t\t\t\t\t\t\t\t\t<p>Profesionalna izvedba\n\n<\/p>\r\n\t\t\t\t\t\t\t\t\t\t\t<\/div>\r\n\t\t\t\t\t\t\t\t\t\t<\/li>\r\n\t\t\t\t\t\t\t\t\t<\/ul>\r\n\t\t\t\t\t\t\t\t\t<p class=\"about-two__points-text\">Svaki projekt radimo organizirano, precizno i odgovorno.\n\n<\/p>\r\n\t\t\t\t\t\t\t\t<\/div>\r\n\t\t\t\t\t\t\t\t\t\t\t\t\t\t\t\t\t\t\t\t\t\t<div class=\"about-two__points-right\">\r\n\t\t\t\t\t\t\t\t\t<ul class=\"list-unstyled about-two__points ml-0\">\r\n\t\t\t\t\t\t\t\t\t\t<li>\r\n\t\t\t\t\t\t\t\t\t\t\t<div class=\"icon\">\r\n\t\t\t\t\t\t\t\t\t\t\t\t<span aria-hidden=\"true\" class=\"  icon-confirmation\"><\/span>\t\t\t\t\t\t\t\t\t\t\t<\/div>\r\n\t\t\t\t\t\t\t\t\t\t\t<div class=\"text\">\r\n\t\t\t\t\t\t\t\t\t\t\t\t<p>Profesionalna izvedba\n\n<\/p>\r\n\t\t\t\t\t\t\t\t\t\t\t<\/div>\r\n\t\t\t\t\t\t\t\t\t\t<\/li>\r\n\t\t\t\t\t\t\t\t\t<\/ul>\r\n\t\t\t\t\t\t\t\t\t<p class=\"about-two__points-text\">Koristimo profesionalne airless strojeve i provjerene boje za ravnomjeran, dugotrajan i estetski vrhunski rezultat.\n\n<\/p>\r\n\t\t\t\t\t\t\t\t<\/div>\r\n\t\t\t\t\t\t\t\t\t\t\t\t\t<\/div>\r\n\t\t\t\t\t<\/div>\r\n\t\t\t\t<\/div>\r\n\t\t\t\t<div class=\"col-xl-7\">\r\n\t\t\t\t\t<div class=\"about-two__right\">\r\n\t\t\t\t\t\t<div class=\"about-two__img-box wow slideInRight\" data-wow-delay=\"100ms\" data-wow-duration=\"2500ms\">\r\n\t\t\t\t\t\t\t\t\t\t\t\t\t\t\t<div class=\"about-two__img-1\">\r\n\t\t\t\t\t\t\t\t\t<img decoding=\"async\" src=\"https:\/\/spraymajstor.com.hr\/wp-content\/uploads\/2022\/04\/strojno-bojanje-bijela-strop.jpg\" alt=\"strojno bojanje stropa\">\r\n\t\t\t\t\t\t\t\t<\/div>\r\n\t\t\t\t\t\t\t\t\t\t\t\t\t\t\t\t\t\t\t\t\t\t<div class=\"about-two__img-2\">\r\n\t\t\t\t\t\t\t\t\t<img decoding=\"async\" src=\"https:\/\/spraymajstor.com.hr\/wp-content\/uploads\/2022\/04\/strojno-bojanje-bijela-plava.jpg\" alt=\"strojno bojanje zida\">\r\n\t\t\t\t\t\t\t\t<\/div>\r\n\t\t\t\t\t\t\t\t\t\t\t\t\t\t\t\t\t\t\t\t\t\t<div class=\"about-two__dot\">\r\n\t\t\t\t\t\t\t\t\t<img decoding=\"async\" src=\"http:\/\/bracketweb.com\/ambedwp\/wp-content\/uploads\/2022\/04\/about-two-dots.png\" alt=\"\">\r\n\t\t\t\t\t\t\t\t<\/div>\r\n\t\t\t\t\t\t\t\t\t\t\t\t\t<\/div>\r\n\t\t\t\t\t<\/div>\r\n\t\t\t\t<\/div>\r\n\t\t\t<\/div>\r\n\t\t<\/div>\r\n\t<\/section>\r\n\t<!--About Two End-->\r\n\t\t\t\t<\/div>\n\t\t\t\t<\/div>\n\t\t\t\t\t<\/div>\n\t\t<\/div>\n\t\t\t\t\t<\/div>\n\t\t<\/section>\n\t\t<div class=\"elementor-element elementor-element-b050b30 e-flex e-con-boxed e-con e-parent\" data-id=\"b050b30\" data-element_type=\"container\" data-e-type=\"container\" data-settings=\"{&quot;background_background&quot;:&quot;slideshow&quot;,&quot;background_slideshow_gallery&quot;:[],&quot;background_slideshow_loop&quot;:&quot;yes&quot;,&quot;background_slideshow_slide_duration&quot;:5000,&quot;background_slideshow_slide_transition&quot;:&quot;fade&quot;,&quot;background_slideshow_transition_duration&quot;:500}\">\n\t\t\t\t\t<div class=\"e-con-inner\">\n\t\t<div class=\"elementor-element elementor-element-f684b4a e-con-full e-flex e-con e-child\" data-id=\"f684b4a\" data-element_type=\"container\" data-e-type=\"container\">\n\t\t\t\t<div class=\"elementor-element elementor-element-423d9de elementor-widget elementor-widget-heading\" data-id=\"423d9de\" data-element_type=\"widget\" data-e-type=\"widget\" data-widget_type=\"heading.default\">\n\t\t\t\t\t<h2 class=\"elementor-heading-title elementor-size-default\">Za\u0161to smo druk\u010diji?<\/h2>\t\t\t\t<\/div>\n\t\t\t\t<div class=\"elementor-element elementor-element-38f6892 elementor-widget elementor-widget-heading\" data-id=\"38f6892\" data-element_type=\"widget\" data-e-type=\"widget\" data-widget_type=\"heading.default\">\n\t\t\t\t\t<h3 class=\"elementor-heading-title elementor-size-default\">Brzina, kvaliteta i dostupnost bez kompromisa<\/h3>\t\t\t\t<\/div>\n\t\t\t\t<div class=\"elementor-element elementor-element-e0ac5fa elementor-widget elementor-widget-text-editor\" data-id=\"e0ac5fa\" data-element_type=\"widget\" data-e-type=\"widget\" data-widget_type=\"text-editor.default\">\n\t\t\t\t\t\t\t\t\t<p data-start=\"1353\" data-end=\"1630\">Na tr\u017ei\u0161tu je \u010dest problem dugog \u010dekanja na molere i sporog izvo\u0111enja radova. <a href=\"http:\/\/www.spraymajstor.com.hr\">SprayMajstor<\/a> je nastao upravo kao odgovor na to \u2013 <strong data-start=\"1481\" data-end=\"1517\">organizirani smo za brze termine<\/strong>, \u010desto i u kratkom roku. Ve\u0107inu projekata zavr\u0161avamo <strong data-start=\"1571\" data-end=\"1588\">u jednom danu<\/strong>, bez nepotrebnog zadr\u017eavanja i ka\u0161njenja.<\/p><p data-start=\"1632\" data-end=\"1736\">Ne radimo masovno, ve\u0107 <strong data-start=\"1655\" data-end=\"1679\">precizno i odgovorno<\/strong>, s ciljem da klijent dobije savr\u0161en rezultat bez stresa.<\/p>\t\t\t\t\t\t\t\t<\/div>\n\t\t\t\t<\/div>\n\t\t\t\t\t<\/div>\n\t\t\t\t<\/div>\n\t\t<div class=\"elementor-element elementor-element-883eb02 e-grid e-con-boxed e-con e-parent\" data-id=\"883eb02\" data-element_type=\"container\" data-e-type=\"container\">\n\t\t\t\t\t<div class=\"e-con-inner\">\n\t\t\t\t<div class=\"elementor-element elementor-element-dcd213c elementor-widget elementor-widget-image\" data-id=\"dcd213c\" data-element_type=\"widget\" data-e-type=\"widget\" data-widget_type=\"image.default\">\n\t\t\t\t\t\t\t\t\t\t\t\t\t\t\t<img fetchpriority=\"high\" decoding=\"async\" width=\"640\" height=\"427\" src=\"https:\/\/spraymajstor.com.hr\/wp-content\/uploads\/2022\/04\/strojno-bojanje-2.webp\" class=\"attachment-large size-large wp-image-1465\" alt=\"strojno farbanje\" srcset=\"https:\/\/spraymajstor.com.hr\/wp-content\/uploads\/2022\/04\/strojno-bojanje-2.webp 1000w, https:\/\/spraymajstor.com.hr\/wp-content\/uploads\/2022\/04\/strojno-bojanje-2-300x200.webp 300w, https:\/\/spraymajstor.com.hr\/wp-content\/uploads\/2022\/04\/strojno-bojanje-2-768x512.webp 768w, https:\/\/spraymajstor.com.hr\/wp-content\/uploads\/2022\/04\/strojno-bojanje-2-570x380.webp 570w\" sizes=\"(max-width: 640px) 100vw, 640px\" \/>\t\t\t\t\t\t\t\t\t\t\t\t\t\t\t<\/div>\n\t\t\t\t<div class=\"elementor-element elementor-element-557b3de elementor-widget elementor-widget-image\" data-id=\"557b3de\" data-element_type=\"widget\" data-e-type=\"widget\" data-widget_type=\"image.default\">\n\t\t\t\t\t\t\t\t\t\t\t\t\t\t\t<img decoding=\"async\" width=\"870\" height=\"612\" src=\"https:\/\/spraymajstor.com.hr\/wp-content\/uploads\/2022\/04\/strojnobojanjeskatt-870x612.webp\" class=\"attachment-ambed_project_870X612 size-ambed_project_870X612 wp-image-1437\" alt=\"strojno bojanje skatt\" \/>\t\t\t\t\t\t\t\t\t\t\t\t\t\t\t<\/div>\n\t\t\t\t\t<\/div>\n\t\t\t\t<\/div>\n\t\t\t\t<section class=\"elementor-section elementor-top-section elementor-element elementor-element-977602e elementor-section-full_width elementor-section-height-default elementor-section-height-default\" data-id=\"977602e\" data-element_type=\"section\" data-e-type=\"section\">\n\t\t\t\t\t\t<div class=\"elementor-container elementor-column-gap-no\">\n\t\t\t\t\t<div class=\"elementor-column elementor-col-100 elementor-top-column elementor-element elementor-element-3358387\" data-id=\"3358387\" data-element_type=\"column\" data-e-type=\"column\">\n\t\t\t<div class=\"elementor-widget-wrap elementor-element-populated\">\n\t\t\t\t\t\t<div class=\"elementor-element elementor-element-7dd9cdb elementor-widget elementor-widget-ambed-video\" data-id=\"7dd9cdb\" data-element_type=\"widget\" data-e-type=\"widget\" data-widget_type=\"ambed-video.default\">\n\t\t\t\t<div class=\"elementor-widget-container\">\n\t\t\t\t\t\t<!--Leading Start-->\r\n\t<section class=\"leading\">\r\n\t\t\t\t\t<div class=\"leading-bg-box\">\r\n\t\t\t\t<div class=\"leading-bg jarallax\" data-jarallax data-speed=\"0.2\" data-imgPosition=\"50% 0%\" style=\"background-image: url(https:\/\/spraymajstor.com.hr\/wp-content\/uploads\/2025\/12\/strojno-farbanje.jpg);\"><\/div>\r\n\t\t\t<\/div>\r\n\t\t\t\t<div class=\"container\">\r\n\t\t\t<div class=\"row\">\r\n\t\t\t\t<div class=\"col-xl-7 col-lg-6\">\r\n\t\t\t\t\t<div class=\"leading__left\">\r\n\t\t\t\t\t\t<div class=\"leading__video-link\">\r\n\t\t\t\t\t\t\t<a href=\"https:\/\/www.youtube.com\/watch?v=_tGVfADLcs8\" class=\"video-popup\" target=\"_blank\" rel=\"noopener\">\r\n\t\t\t\t\t\t\t\t<div class=\"leading__video-icon\">\r\n\t\t\t\t\t\t\t\t\t<span class=\"fa fa-play\"><\/span>\r\n\t\t\t\t\t\t\t\t\t<i class=\"ripple\"><\/i>\r\n\t\t\t\t\t\t\t\t<\/div>\r\n\t\t\t\t\t\t\t<\/a>\r\n\t\t\t\t\t\t<\/div>\r\n\t\t\t\t\t\t<h3 class=\"leading__title\">Profesionalna oprema<br> i materijali\n<\/h3>\r\n\t\t\t\t\t<\/div>\r\n\t\t\t\t<\/div>\r\n\t\t\t\t<div class=\"col-xl-5 col-lg-6\">\r\n\t\t\t\t\t<div class=\"leading__right\">\r\n\t\t\t\t\t\t\t\t\t\t\t\t\t<ul class=\"list-unstyled leading__points ml-0\">\r\n\t\t\t\t\t\t\t\t\t\t\t\t\t\t\t\t\t<li>\r\n\t\t\t\t\t\t\t\t\t\t<div class=\"icon icon-svg\">\r\n\t\t\t\t\t\t\t\t\t\t\t<span aria-hidden=\"true\" class=\"  fa fa-check\"><\/span>\t\t\t\t\t\t\t\t\t\t<\/div>\r\n\t\t\t\t\t\t\t\t\t\t<div class=\"text\">\r\n\t\t\t\t\t\t\t\t\t\t\t<p>ravnomjeran nanos<\/p>\r\n\t\t\t\t\t\t\t\t\t\t<\/div>\r\n\t\t\t\t\t\t\t\t\t<\/li>\r\n\t\t\t\t\t\t\t\t\t\t\t\t\t\t\t\t\t<li>\r\n\t\t\t\t\t\t\t\t\t\t<div class=\"icon icon-svg\">\r\n\t\t\t\t\t\t\t\t\t\t\t<span aria-hidden=\"true\" class=\"  fa fa-check\"><\/span>\t\t\t\t\t\t\t\t\t\t<\/div>\r\n\t\t\t\t\t\t\t\t\t\t<div class=\"text\">\r\n\t\t\t\t\t\t\t\t\t\t\t<p>dugotrajnost<\/p>\r\n\t\t\t\t\t\t\t\t\t\t<\/div>\r\n\t\t\t\t\t\t\t\t\t<\/li>\r\n\t\t\t\t\t\t\t\t\t\t\t\t\t\t\t\t\t<li>\r\n\t\t\t\t\t\t\t\t\t\t<div class=\"icon icon-svg\">\r\n\t\t\t\t\t\t\t\t\t\t\t<span aria-hidden=\"true\" class=\"  fa fa-check\"><\/span>\t\t\t\t\t\t\t\t\t\t<\/div>\r\n\t\t\t\t\t\t\t\t\t\t<div class=\"text\">\r\n\t\t\t\t\t\t\t\t\t\t\t<p>bolja pokrivnost<\/p>\r\n\t\t\t\t\t\t\t\t\t\t<\/div>\r\n\t\t\t\t\t\t\t\t\t<\/li>\r\n\t\t\t\t\t\t\t\t\t\t\t\t\t\t\t\t\t<li>\r\n\t\t\t\t\t\t\t\t\t\t<div class=\"icon icon-svg\">\r\n\t\t\t\t\t\t\t\t\t\t\t<span aria-hidden=\"true\" class=\"  fa fa-check\"><\/span>\t\t\t\t\t\t\t\t\t\t<\/div>\r\n\t\t\t\t\t\t\t\t\t\t<div class=\"text\">\r\n\t\t\t\t\t\t\t\t\t\t\t<p>uredan zavr\u0161ni izgled<\/p>\r\n\t\t\t\t\t\t\t\t\t\t<\/div>\r\n\t\t\t\t\t\t\t\t\t<\/li>\r\n\t\t\t\t\t\t\t\t\t\t\t\t\t\t\t<\/ul>\r\n\t\t\t\t\t\t\t\t\t\t\t<\/div>\r\n\t\t\t\t<\/div>\r\n\t\t\t<\/div>\r\n\t\t<\/div>\r\n\t<\/section>\r\n\t<!--Leading End-->\r\n\t\t\t\t<\/div>\n\t\t\t\t<\/div>\n\t\t\t\t\t<\/div>\n\t\t<\/div>\n\t\t\t\t\t<\/div>\n\t\t<\/section>\n\t\t\t\t<section class=\"elementor-section elementor-top-section elementor-element elementor-element-4edb4a61 elementor-section-full_width elementor-section-height-default elementor-section-height-default\" data-id=\"4edb4a61\" data-element_type=\"section\" data-e-type=\"section\">\n\t\t\t\t\t\t<div class=\"elementor-container elementor-column-gap-no\">\n\t\t\t\t\t<div class=\"elementor-column elementor-col-100 elementor-top-column elementor-element elementor-element-44f9679d\" data-id=\"44f9679d\" data-element_type=\"column\" data-e-type=\"column\" data-settings=\"{&quot;background_background&quot;:&quot;slideshow&quot;,&quot;background_slideshow_gallery&quot;:[{&quot;id&quot;:1454,&quot;url&quot;:&quot;https:\\\/\\\/spraymajstor.com.hr\\\/wp-content\\\/uploads\\\/2022\\\/04\\\/strojnobvsvaljak.jpg&quot;}],&quot;background_slideshow_loop&quot;:&quot;yes&quot;,&quot;background_slideshow_slide_duration&quot;:5000,&quot;background_slideshow_slide_transition&quot;:&quot;fade&quot;,&quot;background_slideshow_transition_duration&quot;:500}\">\n\t\t\t<div class=\"elementor-widget-wrap elementor-element-populated\">\n\t\t\t\t\t\t<div class=\"elementor-element elementor-element-a33ebf4 elementor-widget elementor-widget-heading\" data-id=\"a33ebf4\" data-element_type=\"widget\" data-e-type=\"widget\" data-widget_type=\"heading.default\">\n\t\t\t\t\t<h2 class=\"elementor-heading-title elementor-size-default\">Bojanje bez nereda<\/h2>\t\t\t\t<\/div>\n\t\t\t\t<div class=\"elementor-element elementor-element-2024a63 elementor-widget elementor-widget-spacer\" data-id=\"2024a63\" data-element_type=\"widget\" data-e-type=\"widget\" data-widget_type=\"spacer.default\">\n\t\t\t\t\t\t\t<div class=\"elementor-spacer\">\n\t\t\t<div class=\"elementor-spacer-inner\"><\/div>\n\t\t<\/div>\n\t\t\t\t\t\t<\/div>\n\t\t\t\t<div class=\"elementor-element elementor-element-df739d4 elementor-widget elementor-widget-heading\" data-id=\"df739d4\" data-element_type=\"widget\" data-e-type=\"widget\" data-widget_type=\"heading.default\">\n\t\t\t\t\t<h3 class=\"elementor-heading-title elementor-size-default\">\u010cista izvedba i temeljito \u010di\u0161\u0107enje nakon radova<\/h3>\t\t\t\t<\/div>\n\t\t\t\t<div class=\"elementor-element elementor-element-95c467f elementor-widget__width-initial elementor-widget elementor-widget-text-editor\" data-id=\"95c467f\" data-element_type=\"widget\" data-e-type=\"widget\" data-widget_type=\"text-editor.default\">\n\t\t\t\t\t\t\t\t\t<p>Iako se radi o strojnom bojanju, posebnu pa\u017enju posve\u0107ujemo <strong data-start=\"2346\" data-end=\"2366\">za\u0161titi prostora<\/strong>. Podovi, namje\u0161taj i stolarija su za\u0161ti\u0107eni prije po\u010detka radova, a nakon zavr\u0161etka ostavljamo prostor <strong data-start=\"2470\" data-end=\"2511\">\u010dist i spreman za kori\u0161tenje isti dan<\/strong>.<\/p><p data-start=\"2514\" data-end=\"2590\">Na\u0161 cilj nije samo lijepo obojan zid, ve\u0107 i <strong data-start=\"2558\" data-end=\"2589\">pozitivno iskustvo klijenta<\/strong>.<\/p>\t\t\t\t\t\t\t\t<\/div>\n\t\t\t\t\t<\/div>\n\t\t<\/div>\n\t\t\t\t\t<\/div>\n\t\t<\/section>\n\t\t<div class=\"elementor-element elementor-element-6d2e862 e-flex e-con-boxed e-con e-parent\" data-id=\"6d2e862\" data-element_type=\"container\" data-e-type=\"container\">\n\t\t\t\t\t<div class=\"e-con-inner\">\n\t\t\t\t<div class=\"elementor-element elementor-element-7522044 elementor-widget elementor-widget-spacer\" data-id=\"7522044\" data-element_type=\"widget\" data-e-type=\"widget\" data-widget_type=\"spacer.default\">\n\t\t\t\t\t\t\t<div class=\"elementor-spacer\">\n\t\t\t<div class=\"elementor-spacer-inner\"><\/div>\n\t\t<\/div>\n\t\t\t\t\t\t<\/div>\n\t\t<div class=\"elementor-element elementor-element-271455e e-con-full e-flex e-con e-child\" data-id=\"271455e\" data-element_type=\"container\" data-e-type=\"container\" data-settings=\"{&quot;background_background&quot;:&quot;slideshow&quot;,&quot;background_slideshow_gallery&quot;:[{&quot;id&quot;:1634,&quot;url&quot;:&quot;https:\\\/\\\/spraymajstor.com.hr\\\/wp-content\\\/uploads\\\/2026\\\/01\\\/strojno-bojanje.webp&quot;}],&quot;background_slideshow_loop&quot;:&quot;yes&quot;,&quot;background_slideshow_slide_duration&quot;:5000,&quot;background_slideshow_slide_transition&quot;:&quot;fade&quot;,&quot;background_slideshow_transition_duration&quot;:500}\">\n\t\t\t\t<div class=\"elementor-element elementor-element-fb11e83 elementor-widget elementor-widget-heading\" data-id=\"fb11e83\" data-element_type=\"widget\" data-e-type=\"widget\" data-widget_type=\"heading.default\">\n\t\t\t\t\t<h2 class=\"elementor-heading-title elementor-size-default\">Transparentna cijena i korektan pristup<\/h2>\t\t\t\t<\/div>\n\t\t\t\t<div class=\"elementor-element elementor-element-5495925 elementor-widget elementor-widget-spacer\" data-id=\"5495925\" data-element_type=\"widget\" data-e-type=\"widget\" data-widget_type=\"spacer.default\">\n\t\t\t\t\t\t\t<div class=\"elementor-spacer\">\n\t\t\t<div class=\"elementor-spacer-inner\"><\/div>\n\t\t<\/div>\n\t\t\t\t\t\t<\/div>\n\t\t\t\t<div class=\"elementor-element elementor-element-6044016 elementor-widget elementor-widget-heading\" data-id=\"6044016\" data-element_type=\"widget\" data-e-type=\"widget\" data-widget_type=\"heading.default\">\n\t\t\t\t\t<h3 class=\"elementor-heading-title elementor-size-default\">Bez skrivenih tro\u0161kova i neugodnih iznena\u0111enja<\/h3>\t\t\t\t<\/div>\n\t\t\t\t<div class=\"elementor-element elementor-element-8cccad6 elementor-widget elementor-widget-text-editor\" data-id=\"8cccad6\" data-element_type=\"widget\" data-e-type=\"widget\" data-widget_type=\"text-editor.default\">\n\t\t\t\t\t\t\t\t\t<p>Cijenu definiramo jasno i unaprijed, bez skrivenih stavki. Trudimo se biti <strong data-start=\"2793\" data-end=\"2817\">povoljni, ali realni<\/strong>, uz naglasak na kvalitetu izvedbe i materijala. Ponudu \u010desto mo\u017eemo izraditi na temelju fotografija prostora, \u0161to ubrzava cijeli proces.<\/p>\t\t\t\t\t\t\t\t<\/div>\n\t\t\t\t<\/div>\n\t\t<div class=\"elementor-element elementor-element-a7c91c7 e-con-full e-flex e-con e-child\" data-id=\"a7c91c7\" data-element_type=\"container\" data-e-type=\"container\">\n\t\t\t\t<div class=\"elementor-element elementor-element-86e2977 elementor-widget elementor-widget-spacer\" data-id=\"86e2977\" data-element_type=\"widget\" data-e-type=\"widget\" data-widget_type=\"spacer.default\">\n\t\t\t\t\t\t\t<div class=\"elementor-spacer\">\n\t\t\t<div class=\"elementor-spacer-inner\"><\/div>\n\t\t<\/div>\n\t\t\t\t\t\t<\/div>\n\t\t\t\t<\/div>\n\t\t\t\t\t<\/div>\n\t\t\t\t<\/div>\n\t\t<div class=\"elementor-element elementor-element-f05376f e-flex e-con-boxed e-con e-parent\" data-id=\"f05376f\" data-element_type=\"container\" data-e-type=\"container\" data-settings=\"{&quot;background_background&quot;:&quot;slideshow&quot;,&quot;background_slideshow_gallery&quot;:[{&quot;id&quot;:1288,&quot;url&quot;:&quot;https:\\\/\\\/spraymajstor.com.hr\\\/wp-content\\\/uploads\\\/2023\\\/06\\\/quality-work-shape-4-rtl.png&quot;}],&quot;background_slideshow_loop&quot;:&quot;yes&quot;,&quot;background_slideshow_slide_duration&quot;:5000,&quot;background_slideshow_slide_transition&quot;:&quot;fade&quot;,&quot;background_slideshow_transition_duration&quot;:500}\">\n\t\t\t\t\t<div class=\"e-con-inner\">\n\t\t\t\t<div class=\"elementor-element elementor-element-5b7d496 elementor-widget elementor-widget-heading\" data-id=\"5b7d496\" data-element_type=\"widget\" data-e-type=\"widget\" data-widget_type=\"heading.default\">\n\t\t\t\t\t<h2 class=\"elementor-heading-title elementor-size-default\">Zagreb i okolica<\/h2>\t\t\t\t<\/div>\n\t\t\t\t<div class=\"elementor-element elementor-element-d50698c elementor-widget elementor-widget-spacer\" data-id=\"d50698c\" data-element_type=\"widget\" data-e-type=\"widget\" data-widget_type=\"spacer.default\">\n\t\t\t\t\t\t\t<div class=\"elementor-spacer\">\n\t\t\t<div class=\"elementor-spacer-inner\"><\/div>\n\t\t<\/div>\n\t\t\t\t\t\t<\/div>\n\t\t\t\t<div class=\"elementor-element elementor-element-2f86af8 elementor-widget elementor-widget-heading\" data-id=\"2f86af8\" data-element_type=\"widget\" data-e-type=\"widget\" data-widget_type=\"heading.default\">\n\t\t\t\t\t<h3 class=\"elementor-heading-title elementor-size-default\">Lokalna usluga s brzom dostupno\u0161\u0107u<\/h3>\t\t\t\t<\/div>\n\t\t\t\t<div class=\"elementor-element elementor-element-3ca08f3 elementor-widget elementor-widget-text-editor\" data-id=\"3ca08f3\" data-element_type=\"widget\" data-e-type=\"widget\" data-widget_type=\"text-editor.default\">\n\t\t\t\t\t\t\t\t\t<p>Djelujemo na podru\u010dju <strong data-start=\"3069\" data-end=\"3090\">Zagreba i okolice<\/strong>, s fleksibilnim terminima i brzom reakcijom. Bilo da se radi o hitnom bojanju prije useljenja, renovaciji ili osvje\u017eenju prostora \u2013 mo\u017eete ra\u010dunati na nas.<\/p>\t\t\t\t\t\t\t\t<\/div>\n\t\t\t\t\t<\/div>\n\t\t\t\t<\/div>\n\t\t\t\t<\/div>\n\t\t","protected":false},"excerpt":{"rendered":"<p>O NAMA &#8211; SPRAYMAJSTOR Majstori za strojno (airless) bojanje zidova Specijalizirana usluga za profesionalno strojno bojanje zidova u Zagrebu i okolici. Fokusirani smo na brzu, urednu i kvalitetnu izvedbu, bez tragova valjka i bez dugog \u010dekanja na termin. Koristimo modernu airless tehnologiju bojanja koja omogu\u0107uje ravnomjeran nanos boje i vrhunski zavr\u0161ni izgled. Vr\u0161imo bojanje stanova, [&hellip;]<\/p>\n","protected":false},"author":1,"featured_media":1390,"parent":0,"menu_order":0,"comment_status":"closed","ping_status":"closed","template":"elementor_header_footer","meta":{"footnotes":""},"class_list":["post-1318","page","type-page","status-publish","has-post-thumbnail","hentry"],"brizy_media":[],"_links":{"self":[{"href":"https:\/\/spraymajstor.com.hr\/index.php?rest_route=\/wp\/v2\/pages\/1318","targetHints":{"allow":["GET"]}}],"collection":[{"href":"https:\/\/spraymajstor.com.hr\/index.php?rest_route=\/wp\/v2\/pages"}],"about":[{"href":"https:\/\/spraymajstor.com.hr\/index.php?rest_route=\/wp\/v2\/types\/page"}],"author":[{"embeddable":true,"href":"https:\/\/spraymajstor.com.hr\/index.php?rest_route=\/wp\/v2\/users\/1"}],"replies":[{"embeddable":true,"href":"https:\/\/spraymajstor.com.hr\/index.php?rest_route=%2Fwp%2Fv2%2Fcomments&post=1318"}],"version-history":[{"count":26,"href":"https:\/\/spraymajstor.com.hr\/index.php?rest_route=\/wp\/v2\/pages\/1318\/revisions"}],"predecessor-version":[{"id":1730,"href":"https:\/\/spraymajstor.com.hr\/index.php?rest_route=\/wp\/v2\/pages\/1318\/revisions\/1730"}],"wp:featuredmedia":[{"embeddable":true,"href":"https:\/\/spraymajstor.com.hr\/index.php?rest_route=\/wp\/v2\/media\/1390"}],"wp:attachment":[{"href":"https:\/\/spraymajstor.com.hr\/index.php?rest_route=%2Fwp%2Fv2%2Fmedia&parent=1318"}],"curies":[{"name":"wp","href":"https:\/\/api.w.org\/{rel}","templated":true}]}}