{"id":1317,"date":"2022-04-19T07:22:37","date_gmt":"2022-04-19T07:22:37","guid":{"rendered":"http:\/\/bracketweb.com\/ambedwp\/?page_id=53"},"modified":"2026-01-08T12:53:04","modified_gmt":"2026-01-08T12:53:04","slug":"faqs","status":"publish","type":"page","link":"https:\/\/spraymajstor.com.hr\/?page_id=1317","title":{"rendered":"Naj\u010de\u0161\u0107a pitanja i odgovori"},"content":{"rendered":"\t\t<div data-elementor-type=\"wp-page\" data-elementor-id=\"1317\" class=\"elementor elementor-1317\">\n\t\t\t\t\t\t<section class=\"elementor-section elementor-top-section elementor-element elementor-element-61fd0881 elementor-section-boxed elementor-section-height-default elementor-section-height-default\" data-id=\"61fd0881\" data-element_type=\"section\" data-e-type=\"section\">\n\t\t\t\t\t\t<div class=\"elementor-container elementor-column-gap-no\">\n\t\t\t\t\t<div class=\"elementor-column elementor-col-50 elementor-top-column elementor-element elementor-element-f62c106\" data-id=\"f62c106\" data-element_type=\"column\" data-e-type=\"column\">\n\t\t\t<div class=\"elementor-widget-wrap elementor-element-populated\">\n\t\t\t\t\t\t<div class=\"elementor-element elementor-element-15d8274c elementor-widget elementor-widget-ambed-faq\" data-id=\"15d8274c\" data-element_type=\"widget\" data-e-type=\"widget\" data-widget_type=\"ambed-faq.default\">\n\t\t\t\t<div class=\"elementor-widget-container\">\n\t\t\t\t\t<div class=\"faq-page__left\">\r\n\t<div class=\"accrodion-grp faq-one-accrodion\" data-grp-name=\"faq-one-accrodion-69e01a9f6921e\">\r\n\t\t\t\t\t<div class=\"accrodion active\">\r\n\t\t\t\t<div class=\"accrodion-title\">\r\n\t\t\t\t\t<h4>\u0160to je strojno bojanje zidova?<\/h4>\r\n\t\t\t\t<\/div>\r\n\t\t\t\t<div class=\"accrodion-content\">\r\n\t\t\t\t\t<div class=\"inner\">\r\n\t\t\t\t\t\t<p>Strojno bojanje je metoda bojanja zidova i stropova pomo\u0107u profesionalnog stroja za raspr\u0161ivanje boje pod tlakom, umjesto klasi\u010dnog valjka i kista.\n\nBoja se nanosi ravnomjerno i u finom sloju, bez vidljivih tragova, prijelaza ili neravnina.\nOva metoda omogu\u0107uje br\u017ee izvo\u0111enje radova, ve\u0107u preciznost i estetski kvalitetniji zavr\u0161ni rezultat.\n\n<\/p>\r\n\t\t\t\t\t<\/div><!-- \/.inner -->\r\n\t\t\t\t<\/div>\r\n\t\t\t<\/div>\r\n\t\t\t\t\t<div class=\"accrodion \">\r\n\t\t\t\t<div class=\"accrodion-title\">\r\n\t\t\t\t\t<h4>Koja je razlika izme\u0111u strojnog i klasi\u010dnog bojanja?<\/h4>\r\n\t\t\t\t<\/div>\r\n\t\t\t\t<div class=\"accrodion-content\">\r\n\t\t\t\t\t<div class=\"inner\">\r\n\t\t\t\t\t\t<p>Glavna razlika je u na\u010dinu nano\u0161enja boje, brzini i zavr\u0161noj kvaliteti.\nKod strojnog bojanja:\nboja se nanosi raspr\u0161ivanjem pod tlakom, povr\u0161ina je potpuno ravnomjerna, nema tragova valjka ili \u201elinija\u201d,posao je gotov znatno br\u017ee \u0161to je idealno za ve\u0107e povr\u0161ine i kratke rokove\n\nKod klasi\u010dnog bojanja:\nboja se nanosi valjkom i kistom, mogu se pojaviti tragovi i prijelazi, zahtijeva vi\u0161e vremena, sporije su\u0161enje i izvo\u0111enje.\n\nZbog navedenog, strojno bojanje je modernije, u\u010dinkovitije i vizualno kvalitetnije rje\u0161enje, osobito kada je va\u017ena brzina i uredan zavr\u0161ni izgled prostora.\n\n<\/p>\r\n\t\t\t\t\t<\/div><!-- \/.inner -->\r\n\t\t\t\t<\/div>\r\n\t\t\t<\/div>\r\n\t\t\t\t\t<div class=\"accrodion \">\r\n\t\t\t\t<div class=\"accrodion-title\">\r\n\t\t\t\t\t<h4>Mo\u017ee li bojanje biti gotovo u jednom danu?<\/h4>\r\n\t\t\t\t<\/div>\r\n\t\t\t\t<div class=\"accrodion-content\">\r\n\t\t\t\t\t<div class=\"inner\">\r\n\t\t\t\t\t\t<p>Da. Zahvaljuju\u0107i strojnom bojanju, ve\u0107ina prostora mo\u017ee biti zavr\u0161ena u jednom danu, bez dugog \u010dekanja i vi\u0161ednevnih radova.\n\n<\/p>\r\n\t\t\t\t\t<\/div><!-- \/.inner -->\r\n\t\t\t\t<\/div>\r\n\t\t\t<\/div>\r\n\t\t\t\t\t<div class=\"accrodion \">\r\n\t\t\t\t<div class=\"accrodion-title\">\r\n\t\t\t\t\t<h4>Ho\u0107e li biti nereda u prostoru?<\/h4>\r\n\t\t\t\t<\/div>\r\n\t\t\t\t<div class=\"accrodion-content\">\r\n\t\t\t\t\t<div class=\"inner\">\r\n\t\t\t\t\t\t<p>Ne. Prije po\u010detka radova:\n\n\u0161titimo podove i namje\u0161taj te pa\u017eljivo pripremamo prostor\n\nNakon zavr\u0161etka radova prostor ostavljamo \u010dist i uredan, spreman za kori\u0161tenje.<\/p>\r\n\t\t\t\t\t<\/div><!-- \/.inner -->\r\n\t\t\t\t<\/div>\r\n\t\t\t<\/div>\r\n\t\t\t\t\t<div class=\"accrodion \">\r\n\t\t\t\t<div class=\"accrodion-title\">\r\n\t\t\t\t\t<h4>Trebam li isprazniti stan prije bojanja?<\/h4>\r\n\t\t\t\t<\/div>\r\n\t\t\t\t<div class=\"accrodion-content\">\r\n\t\t\t\t\t<div class=\"inner\">\r\n\t\t\t\t\t\t<p>Nije nu\u017eno u potpunosti.\nNamje\u0161taj je dovoljno:\n\npomaknuti od zidova\n\nza\u0161tititi folijama\n\nSve dodatno dogovaramo prije po\u010detka radova.<\/p>\r\n\t\t\t\t\t<\/div><!-- \/.inner -->\r\n\t\t\t\t<\/div>\r\n\t\t\t<\/div>\r\n\t\t\t\t\t<div class=\"accrodion \">\r\n\t\t\t\t<div class=\"accrodion-title\">\r\n\t\t\t\t\t<h4>Koje boje koristite?<\/h4>\r\n\t\t\t\t<\/div>\r\n\t\t\t\t<div class=\"accrodion-content\">\r\n\t\t\t\t\t<div class=\"inner\">\r\n\t\t\t\t\t\t<p>Koristimo provjerene i kvalitetne boje visoke pokrivnosti, prilago\u0111ene strojnom nano\u0161enju.\nPo potrebi savjetujemo klijente oko izbora boje i nijanse. Naj\u010de\u0161\u0107e kori\u0161tena boja marke JUPOL.<\/p>\r\n\t\t\t\t\t<\/div><!-- \/.inner -->\r\n\t\t\t\t<\/div>\r\n\t\t\t<\/div>\r\n\t\t\t\t\t<div class=\"accrodion \">\r\n\t\t\t\t<div class=\"accrodion-title\">\r\n\t\t\t\t\t<h4>Koliko se brzo boja su\u0161i?<\/h4>\r\n\t\t\t\t<\/div>\r\n\t\t\t\t<div class=\"accrodion-content\">\r\n\t\t\t\t\t<div class=\"inner\">\r\n\t\t\t\t\t\t<p>Vrijeme su\u0161enja ovisi o vrsti boje te uvjetima u prostoru\n\nU ve\u0107ini slu\u010dajeva zidovi su suhi na dodir unutar nekoliko sati, a prostor se mo\u017ee normalno koristiti vrlo brzo.<\/p>\r\n\t\t\t\t\t<\/div><!-- \/.inner -->\r\n\t\t\t\t<\/div>\r\n\t\t\t<\/div>\r\n\t\t\t\t\t<div class=\"accrodion \">\r\n\t\t\t\t<div class=\"accrodion-title\">\r\n\t\t\t\t\t<h4>Koliko ko\u0161ta strojno bojanje zidova?<\/h4>\r\n\t\t\t\t<\/div>\r\n\t\t\t\t<div class=\"accrodion-content\">\r\n\t\t\t\t\t<div class=\"inner\">\r\n\t\t\t\t\t\t<p>Cijena ovisi o kvadraturi prostora, stanju zidova, vrsti boje, roku izvo\u0111enja itd.\n\nZato nudimo individualnu i transparentnu ponudu za svaki projekt.\n\nProsje\u010dna cijena strojnog bojanja zidova je 3eura\/m2 ne uklju\u010duju\u0107i cijenu materijala.<\/p>\r\n\t\t\t\t\t<\/div><!-- \/.inner -->\r\n\t\t\t\t<\/div>\r\n\t\t\t<\/div>\r\n\t\t\t<\/div>\r\n<\/div>\t\t\t\t<\/div>\n\t\t\t\t<\/div>\n\t\t\t\t\t<\/div>\n\t\t<\/div>\n\t\t\t\t<div class=\"elementor-column elementor-col-50 elementor-top-column elementor-element elementor-element-6d3ff106\" data-id=\"6d3ff106\" data-element_type=\"column\" data-e-type=\"column\">\n\t\t\t<div class=\"elementor-widget-wrap elementor-element-populated\">\n\t\t\t\t\t\t<div class=\"elementor-element elementor-element-72394af9 elementor-widget elementor-widget-footer-sidebar-call-to-action\" data-id=\"72394af9\" data-element_type=\"widget\" data-e-type=\"widget\" data-widget_type=\"footer-sidebar-call-to-action.default\">\n\t\t\t\t<div class=\"elementor-widget-container\">\n\t\t\t\t\t<div class=\"service-details__need-help\">\r\n\t<div class=\"service-details__need-help-bg\" style=\"background-image: url(http:\/\/bracketweb.com\/ambedwp\/wp-content\/uploads\/2022\/04\/service-details-need-help-bg.jpg)\">\r\n\t<\/div>\r\n\t<div class=\"service-details__need-help-icon icon-svg-large\">\r\n\t\t<span aria-hidden=\"true\" class=\"  icon-phone-call\"><\/span>\t<\/div>\r\n\t\t\t<h2 class=\"service-details__need-help-title\">Jednostavno rje\u0161enje<br>za va\u0161e zidove<br>SprayMajstor<\/h2>\r\n\t\t<div class=\"service-details__need-help-contact\">\r\n\t\t<p>Nazovite nas<\/p>\r\n\t\t<a href=\"tel:+385915055471\"> +385915055471<\/a>\r\n\t<\/div>\r\n<\/div>\t\t\t\t<\/div>\n\t\t\t\t<\/div>\n\t\t\t\t<div class=\"elementor-element elementor-element-10478254 elementor-widget elementor-widget-sidebar-button\" data-id=\"10478254\" data-element_type=\"widget\" data-e-type=\"widget\" data-widget_type=\"sidebar-button.default\">\n\t\t\t\t<div class=\"elementor-widget-container\">\n\t\t\t\t\t<div class=\"service-details__download\">\r\n\t<a target=_blank href=\"https:\/\/spraymajstor.com.hr\/?page_id=1294\" class=\"thm-btn service-details__download-btn\">\r\n\t\tZatra\u017eite BESPLATAN upit\t<\/a>\r\n<\/div>\t\t\t\t<\/div>\n\t\t\t\t<\/div>\n\t\t\t\t\t<\/div>\n\t\t<\/div>\n\t\t\t\t\t<\/div>\n\t\t<\/section>\n\t\t\t\t<\/div>\n\t\t","protected":false},"excerpt":{"rendered":"<p>\u0160to je strojno bojanje zidova? Strojno bojanje je metoda bojanja zidova i stropova pomo\u0107u profesionalnog stroja za raspr\u0161ivanje boje pod tlakom, umjesto klasi\u010dnog valjka i kista. Boja se nanosi ravnomjerno i u finom sloju, bez vidljivih tragova, prijelaza ili neravnina. Ova metoda omogu\u0107uje br\u017ee izvo\u0111enje radova, ve\u0107u preciznost i estetski kvalitetniji zavr\u0161ni rezultat. Koja je [&hellip;]<\/p>\n","protected":false},"author":1,"featured_media":1390,"parent":0,"menu_order":0,"comment_status":"closed","ping_status":"closed","template":"elementor_header_footer","meta":{"footnotes":""},"class_list":["post-1317","page","type-page","status-publish","has-post-thumbnail","hentry"],"brizy_media":[],"_links":{"self":[{"href":"https:\/\/spraymajstor.com.hr\/index.php?rest_route=\/wp\/v2\/pages\/1317","targetHints":{"allow":["GET"]}}],"collection":[{"href":"https:\/\/spraymajstor.com.hr\/index.php?rest_route=\/wp\/v2\/pages"}],"about":[{"href":"https:\/\/spraymajstor.com.hr\/index.php?rest_route=\/wp\/v2\/types\/page"}],"author":[{"embeddable":true,"href":"https:\/\/spraymajstor.com.hr\/index.php?rest_route=\/wp\/v2\/users\/1"}],"replies":[{"embeddable":true,"href":"https:\/\/spraymajstor.com.hr\/index.php?rest_route=%2Fwp%2Fv2%2Fcomments&post=1317"}],"version-history":[{"count":13,"href":"https:\/\/spraymajstor.com.hr\/index.php?rest_route=\/wp\/v2\/pages\/1317\/revisions"}],"predecessor-version":[{"id":1724,"href":"https:\/\/spraymajstor.com.hr\/index.php?rest_route=\/wp\/v2\/pages\/1317\/revisions\/1724"}],"wp:featuredmedia":[{"embeddable":true,"href":"https:\/\/spraymajstor.com.hr\/index.php?rest_route=\/wp\/v2\/media\/1390"}],"wp:attachment":[{"href":"https:\/\/spraymajstor.com.hr\/index.php?rest_route=%2Fwp%2Fv2%2Fmedia&parent=1317"}],"curies":[{"name":"wp","href":"https:\/\/api.w.org\/{rel}","templated":true}]}}