{"id":1305,"date":"2022-04-19T07:19:37","date_gmt":"2022-04-19T07:19:37","guid":{"rendered":"http:\/\/bracketweb.com\/ambedwp\/?page_id=31"},"modified":"2026-01-08T13:23:35","modified_gmt":"2026-01-08T13:23:35","slug":"bojanje-stanova-i-kuca-zagreb","status":"publish","type":"page","link":"https:\/\/spraymajstor.com.hr\/?page_id=1305","title":{"rendered":"Bojanje stanova i ku\u0107a"},"content":{"rendered":"\t\t<div data-elementor-type=\"wp-page\" data-elementor-id=\"1305\" class=\"elementor elementor-1305\">\n\t\t\t\t\t\t<section class=\"elementor-section elementor-top-section elementor-element elementor-element-28c29573 elementor-section-boxed elementor-section-height-default elementor-section-height-default\" data-id=\"28c29573\" data-element_type=\"section\" data-e-type=\"section\">\n\t\t\t\t\t\t<div class=\"elementor-container elementor-column-gap-no\">\n\t\t\t\t\t<div class=\"elementor-column elementor-col-50 elementor-top-column elementor-element elementor-element-109ea430\" data-id=\"109ea430\" data-element_type=\"column\" data-e-type=\"column\">\n\t\t\t<div class=\"elementor-widget-wrap elementor-element-populated\">\n\t\t\t\t\t\t<div class=\"elementor-element elementor-element-1c9d2398 elementor-widget elementor-widget-footer-sidebar-nav\" data-id=\"1c9d2398\" data-element_type=\"widget\" data-e-type=\"widget\" data-widget_type=\"footer-sidebar-nav.default\">\n\t\t\t\t<div class=\"elementor-widget-container\">\n\t\t\t\t\t<div class=\"service-details__category\">\r\n\t\t\t<ul id=\"menu-izbornik\" class=\"service-details__category-list list-unstyled clearfix ml-0\"><li id=\"menu-item-206\" class=\"menu-item menu-item-type-post_type menu-item-object-page menu-item-206\"><a href=\"https:\/\/spraymajstor.com.hr\/?page_id=1318\"><span class=\"fa fa-angle-right\"><\/span>O Nama<\/a><\/li>\n<li id=\"menu-item-209\" class=\"menu-item menu-item-type-post_type menu-item-object-page menu-item-209\"><a href=\"https:\/\/spraymajstor.com.hr\/?page_id=1299\"><span class=\"fa fa-angle-right\"><\/span>Usluge koje nudimo<\/a><\/li>\n<li id=\"menu-item-1666\" class=\"menu-item menu-item-type-post_type menu-item-object-page menu-item-1666\"><a href=\"https:\/\/spraymajstor.com.hr\/?page_id=1316\"><span class=\"fa fa-angle-right\"><\/span>Galerija Radova<\/a><\/li>\n<li id=\"menu-item-207\" class=\"menu-item menu-item-type-post_type menu-item-object-page menu-item-207\"><a href=\"https:\/\/spraymajstor.com.hr\/?page_id=1294\"><span class=\"fa fa-angle-right\"><\/span>Kontakt<\/a><\/li>\n<li id=\"menu-item-1761\" class=\"menu-item menu-item-type-post_type menu-item-object-page current_page_parent menu-item-1761\"><a href=\"https:\/\/spraymajstor.com.hr\/?page_id=1297\"><span class=\"fa fa-angle-right\"><\/span>Najnoviji \u010dlanci<\/a><\/li>\n<li id=\"menu-item-1762\" class=\"menu-item menu-item-type-post_type menu-item-object-page menu-item-1762\"><a href=\"https:\/\/spraymajstor.com.hr\/?page_id=1317\"><span class=\"fa fa-angle-right\"><\/span>Naj\u010de\u0161\u0107a pitanja i odgovori<\/a><\/li>\n<li id=\"menu-item-1785\" class=\"menu-item menu-item-type-post_type menu-item-object-page menu-item-1785\"><a href=\"https:\/\/spraymajstor.com.hr\/?page_id=1775\"><span class=\"fa fa-angle-right\"><\/span>CJENIK<\/a><\/li>\n<\/ul>\t<\/div>\t\t\t\t<\/div>\n\t\t\t\t<\/div>\n\t\t\t\t<div class=\"elementor-element elementor-element-1a3cb487 elementor-widget elementor-widget-footer-sidebar-call-to-action\" data-id=\"1a3cb487\" data-element_type=\"widget\" data-e-type=\"widget\" data-widget_type=\"footer-sidebar-call-to-action.default\">\n\t\t\t\t<div class=\"elementor-widget-container\">\n\t\t\t\t\t<div class=\"service-details__need-help\">\r\n\t<div class=\"service-details__need-help-bg\" style=\"background-image: url(https:\/\/spraymajstor.com.hr\/wp-content\/uploads\/2022\/04\/strojno-bojanje-bijela-strop.jpg)\">\r\n\t<\/div>\r\n\t<div class=\"service-details__need-help-icon icon-svg-large\">\r\n\t\t<span aria-hidden=\"true\" class=\"  icon-phone-call\"><\/span>\t<\/div>\r\n\t\t\t<h2 class=\"service-details__need-help-title\">Jednostavno rje\u0161enje<br>za Va\u0161e zidove<br>SprayMajstor<\/h2>\r\n\t\t<div class=\"service-details__need-help-contact\">\r\n\t\t<p>Nazovite<\/p>\r\n\t\t<a href=\"tel:+385915055471\"> 091\/5055-471<\/a>\r\n\t<\/div>\r\n<\/div>\t\t\t\t<\/div>\n\t\t\t\t<\/div>\n\t\t\t\t<div class=\"elementor-element elementor-element-e66ba31 elementor-widget elementor-widget-sidebar-button\" data-id=\"e66ba31\" data-element_type=\"widget\" data-e-type=\"widget\" data-widget_type=\"sidebar-button.default\">\n\t\t\t\t<div class=\"elementor-widget-container\">\n\t\t\t\t\t<div class=\"service-details__download\">\r\n\t<a target=_blank href=\"https:\/\/spraymajstor.com.hr\/?page_id=1294\" class=\"thm-btn service-details__download-btn\">\r\n\t\tZatra\u017eite Ponudu\t<\/a>\r\n<\/div>\t\t\t\t<\/div>\n\t\t\t\t<\/div>\n\t\t\t\t\t<\/div>\n\t\t<\/div>\n\t\t\t\t<div class=\"elementor-column elementor-col-50 elementor-top-column elementor-element elementor-element-28aea64f\" data-id=\"28aea64f\" data-element_type=\"column\" data-e-type=\"column\">\n\t\t\t<div class=\"elementor-widget-wrap elementor-element-populated\">\n\t\t\t\t\t\t<div class=\"elementor-element elementor-element-4d1856e8 elementor-widget elementor-widget-ambed-icon-box\" data-id=\"4d1856e8\" data-element_type=\"widget\" data-e-type=\"widget\" data-widget_type=\"ambed-icon-box.default\">\n\t\t\t\t<div class=\"elementor-widget-container\">\n\t\t\t\t\t\t<div class=\"service-details__img\">\r\n\t\t<img decoding=\"async\" src=\"https:\/\/spraymajstor.com.hr\/wp-content\/uploads\/2022\/04\/strojno-bojanje-bijela-plava.jpg\" alt=\"strojno bojanje zida\">\r\n\t\t<div class=\"service-details__icon icon-svg-large\">\r\n\t\t\t<span aria-hidden=\"true\" class=\"   icon-house\"><\/span>\t\t<\/div>\r\n\t<\/div>\r\n\t\t\t\t<\/div>\n\t\t\t\t<\/div>\n\t\t\t\t<div class=\"elementor-element elementor-element-514e8f35 elementor-widget elementor-widget-heading\" data-id=\"514e8f35\" data-element_type=\"widget\" data-e-type=\"widget\" data-widget_type=\"heading.default\">\n\t\t\t\t\t<h2 class=\"elementor-heading-title elementor-size-default\">Bojanje stanova i ku\u0107a<\/h2>\t\t\t\t<\/div>\n\t\t\t\t<div class=\"elementor-element elementor-element-71294958 elementor-widget elementor-widget-text-editor\" data-id=\"71294958\" data-element_type=\"widget\" data-e-type=\"widget\" data-widget_type=\"text-editor.default\">\n\t\t\t\t\t\t\t\t\t<p data-start=\"553\" data-end=\"773\">Trebate kvalitetno bojanje stana ili ku\u0107e u Zagrebu bez dugog \u010dekanja i nereda?<br data-start=\"636\" data-end=\"639\" \/>Nudimo profesionalno strojno bojanje stanova i ku\u0107a koje omogu\u0107uje ravnomjeran nanos boje, brzu izvedbu i uredan zavr\u0161etak radova.<\/p><p data-start=\"775\" data-end=\"843\">Idealno rje\u0161enje za useljenje, renovaciju ili osvje\u017eavanje prostora.<\/p>\t\t\t\t\t\t\t\t<\/div>\n\t\t\t\t<div class=\"elementor-element elementor-element-289caa87 elementor-widget elementor-widget-text-editor\" data-id=\"289caa87\" data-element_type=\"widget\" data-e-type=\"widget\" data-widget_type=\"text-editor.default\">\n\t\t\t\t\t\t\t\t\t<h2 data-start=\"850\" data-end=\"897\">Profesionalno bojanje bez tragova valjka<\/h2><p data-start=\"899\" data-end=\"958\">Za razliku od klasi\u010dnog bojanja, strojno bojanje omogu\u0107uje:<\/p><ul data-start=\"959\" data-end=\"1054\"><li data-start=\"959\" data-end=\"989\"><p data-start=\"961\" data-end=\"989\">potpuno ravnomjerne zidove<\/p><\/li><li data-start=\"990\" data-end=\"1025\"><p data-start=\"992\" data-end=\"1025\">bez vidljivih prijelaza i fleka<\/p><\/li><li data-start=\"1026\" data-end=\"1054\"><p data-start=\"1028\" data-end=\"1054\">ujedna\u010den zavr\u0161ni izgled<\/p><\/li><\/ul><p data-start=\"1056\" data-end=\"1188\">Zahvaljuju\u0107i airless tehnologiji, boja se nanosi precizno i jednoliko, \u0161to osigurava profesionalan rezultat ve\u0107 pri prvom sloju.<\/p>\t\t\t\t\t\t\t\t<\/div>\n\t\t\t\t<div class=\"elementor-element elementor-element-4d687696 elementor-widget elementor-widget-text-editor\" data-id=\"4d687696\" data-element_type=\"widget\" data-e-type=\"widget\" data-widget_type=\"text-editor.default\">\n\t\t\t\t\t\t\t\t\t<h2 data-start=\"1484\" data-end=\"1531\">Uredna priprema i \u010disto izvo\u0111enje radova<\/h2><p data-start=\"1533\" data-end=\"1582\">Prije svakog bojanja provodimo detaljnu pripremu:<\/p><ul data-start=\"1583\" data-end=\"1703\"><li data-start=\"1583\" data-end=\"1614\"><p data-start=\"1585\" data-end=\"1614\">za\u0161tita namje\u0161taja i podova<\/p><\/li><li data-start=\"1615\" data-end=\"1634\"><p data-start=\"1617\" data-end=\"1634\">priprema zidova<\/p><\/li><li data-start=\"1635\" data-end=\"1664\"><p data-start=\"1637\" data-end=\"1664\">precizno izvo\u0111enje radova<\/p><\/li><li data-start=\"1665\" data-end=\"1703\"><p data-start=\"1667\" data-end=\"1703\">temeljito \u010di\u0161\u0107enje nakon zavr\u0161etka<\/p><\/li><\/ul><p data-start=\"1705\" data-end=\"1785\">Prostor ostavljamo <strong data-start=\"1724\" data-end=\"1784\">\u010dist, uredan i spreman za kori\u0161tenje odmah nakon bojanja<\/strong>.<\/p>\t\t\t\t\t\t\t\t<\/div>\n\t\t\t\t<div class=\"elementor-element elementor-element-ce06b58 elementor-widget elementor-widget-text-editor\" data-id=\"ce06b58\" data-element_type=\"widget\" data-e-type=\"widget\" data-widget_type=\"text-editor.default\">\n\t\t\t\t\t\t\t\t\t<h2 data-start=\"1792\" data-end=\"1838\">Kvalitetne boje i provjereni materijali<\/h2><p data-start=\"1840\" data-end=\"1861\">Koristimo isklju\u010divo:<\/p><ul data-start=\"1862\" data-end=\"1990\"><li data-start=\"1862\" data-end=\"1903\"><p data-start=\"1864\" data-end=\"1903\">profesionalne boje visoke pokrivnosti<\/p><\/li><li data-start=\"1904\" data-end=\"1944\"><p data-start=\"1906\" data-end=\"1944\">materijale prilago\u0111ene vrsti podloge<\/p><\/li><li data-start=\"1945\" data-end=\"1990\"><p data-start=\"1947\" data-end=\"1990\">opremu namijenjenu profesionalnom bojanju<\/p><\/li><\/ul><p data-start=\"1992\" data-end=\"2019\">Po potrebi savjetujemo oko:<\/p><ul data-start=\"2020\" data-end=\"2086\"><li data-start=\"2020\" data-end=\"2035\"><p data-start=\"2022\" data-end=\"2035\">izbora boje<\/p><\/li><li data-start=\"2036\" data-end=\"2047\"><p data-start=\"2038\" data-end=\"2047\">nijansi<\/p><\/li><li data-start=\"2048\" data-end=\"2086\"><p data-start=\"2050\" data-end=\"2086\">optimalnog rje\u0161enja za va\u0161 prostor<\/p><\/li><\/ul>\t\t\t\t\t\t\t\t<\/div>\n\t\t\t\t<div class=\"elementor-element elementor-element-6d33c2ca elementor-widget elementor-widget-ambed-our-benefit\" data-id=\"6d33c2ca\" data-element_type=\"widget\" data-e-type=\"widget\" data-widget_type=\"ambed-our-benefit.default\">\n\t\t\t\t<div class=\"elementor-widget-container\">\n\t\t\t\t\t\r\n    <div class=\"service-details__benefits\">\r\n        <div class=\"row\">\r\n            <div class=\"col-xl-6\">\r\n                                    <div class=\"service-details__benefits-img\">\r\n                        <img decoding=\"async\" src=\"https:\/\/spraymajstor.com.hr\/wp-content\/uploads\/2022\/04\/farbanjezidova-1.webp\" alt=\"farbanje zidova\">\r\n                    <\/div>\r\n                            <\/div>\r\n            <div class=\"col-xl-6\">\r\n                <div class=\"service-details__benefits-right\">\r\n                                            <h3 class=\"service-details__benefits-title\">Kada je strojno bojanje najbolji izbor?<\/h3>\r\n                                                                <p class=\"service-betails__benefits-text-1\">Strojno bojanje preporu\u010dujemo kada:\n\n\n<\/p>\r\n                                                                <ul class=\"list-unstyled service-details__benefits-points ml-0\">\r\n                                                            <li>\r\n                                    <div class=\"icon icon-svg\">\r\n                                        <svg aria-hidden=\"true\" class=\"  e-font-icon-svg e-fas-check\" viewBox=\"0 0 512 512\" xmlns=\"http:\/\/www.w3.org\/2000\/svg\"><path d=\"M173.898 439.404l-166.4-166.4c-9.997-9.997-9.997-26.206 0-36.204l36.203-36.204c9.997-9.998 26.207-9.998 36.204 0L192 312.69 432.095 72.596c9.997-9.997 26.207-9.997 36.204 0l36.203 36.204c9.997 9.997 9.997 26.206 0 36.204l-294.4 294.401c-9.998 9.997-26.207 9.997-36.204-.001z\"><\/path><\/svg>                                    <\/div>\r\n                                    <div class=\"text\">\r\n                                        <p>\u017delite brzo zavr\u0161ene radove\n\n<\/p>\r\n                                    <\/div>\r\n                                <\/li>\r\n                                                            <li>\r\n                                    <div class=\"icon icon-svg\">\r\n                                        <i aria-hidden=\"true\" class=\"  fa fa-check\"><\/i>                                    <\/div>\r\n                                    <div class=\"text\">\r\n                                        <p>Ne \u017eelite tragove valjka\n\n<\/p>\r\n                                    <\/div>\r\n                                <\/li>\r\n                                                            <li>\r\n                                    <div class=\"icon icon-svg\">\r\n                                        <i aria-hidden=\"true\" class=\"  fa fa-check\"><\/i>                                    <\/div>\r\n                                    <div class=\"text\">\r\n                                        <p>Trebate profesionalan zavr\u0161ni izgled\n\n<\/p>\r\n                                    <\/div>\r\n                                <\/li>\r\n                                                            <li>\r\n                                    <div class=\"icon icon-svg\">\r\n                                        <i aria-hidden=\"true\" class=\"  fa fa-check\"><\/i>                                    <\/div>\r\n                                    <div class=\"text\">\r\n                                        <p>Imate ve\u0107u povr\u0161inu za bojanje\n\n\n<\/p>\r\n                                    <\/div>\r\n                                <\/li>\r\n                                                    <\/ul>\r\n                                    <\/div>\r\n            <\/div>\r\n        <\/div>\r\n    <\/div>\r\n\r\n\t\t\t\t<\/div>\n\t\t\t\t<\/div>\n\t\t\t\t\t<\/div>\n\t\t<\/div>\n\t\t\t\t\t<\/div>\n\t\t<\/section>\n\t\t<div class=\"elementor-element elementor-element-51f859d e-flex e-con-boxed e-con e-parent\" data-id=\"51f859d\" data-element_type=\"container\" data-e-type=\"container\">\n\t\t\t\t\t<div class=\"e-con-inner\">\n\t\t\t\t<div class=\"elementor-element elementor-element-a34d397 elementor-widget elementor-widget-ambed-contact-form\" data-id=\"a34d397\" data-element_type=\"widget\" data-e-type=\"widget\" data-widget_type=\"ambed-contact-form.default\">\n\t\t\t\t<div class=\"elementor-widget-container\">\n\t\t\t\t\t\r\n    <!--Contact One Start-->\r\n    <section class=\"contact-one\">\r\n        <div class=\"container\">\r\n                            <div class=\"section-title text-center\">\r\n                                            <span class=\"section-title__tagline\">Trebate brzo i profesionalno bojanje stana ili ku\u0107e?<\/span>\r\n                                                                <h2 class=\"section-title__title\">Zatra\u017eite besplatnu ponudu<\/h2>\r\n                        <div class=\"section-title__line\"><\/div>\r\n                                    <\/div>\r\n                        <div class=\"row\">\r\n                <div class=\"col-xl-8 col-lg-7\">\r\n                    <div class=\"contact-one__left\">\r\n                                                    <div class=\"wpcf7 no-js\" id=\"wpcf7-f301-o1\" lang=\"en-US\" dir=\"ltr\" data-wpcf7-id=\"301\">\n<div class=\"screen-reader-response\">\n<p role=\"status\" aria-live=\"polite\" aria-atomic=\"true\">\n<ul><\/ul>\n<\/div>\n<form action=\"\/index.php?rest_route=%2Fwp%2Fv2%2Fpages%2F1305#wpcf7-f301-o1\" method=\"post\" class=\"wpcf7-form init c3355ee909f3 cmatic-conn cmatic-aud-1 cmatic-mapd0-0 cmatic-v0978 cmatic-sent-0 cmatic-total-0\" aria-label=\"Contact form\" novalidate=\"novalidate\" data-status=\"init\">\n<fieldset class=\"hidden-fields-container\"><input type=\"hidden\" name=\"_wpcf7\" value=\"301\" \/><input type=\"hidden\" name=\"_wpcf7_version\" value=\"6.1.5\" \/><input type=\"hidden\" name=\"_wpcf7_locale\" value=\"en_US\" \/><input type=\"hidden\" name=\"_wpcf7_unit_tag\" value=\"wpcf7-f301-o1\" \/><input type=\"hidden\" name=\"_wpcf7_container_post\" value=\"0\" \/><input type=\"hidden\" name=\"_wpcf7_posted_data_hash\" value=\"\" \/><input type=\"hidden\" name=\"_wpcf7_recaptcha_response\" value=\"\" \/>\n<\/fieldset>\n<div class=\"comment-one__form\">\n<div class=\"row\">\n<div class=\"col-xl-6\">\n<div class=\"comment-form__input-box\">\n<p><span class=\"wpcf7-form-control-wrap\" data-name=\"your-name\"><input size=\"40\" maxlength=\"400\" class=\"wpcf7-form-control wpcf7-text wpcf7-validates-as-required\" aria-required=\"true\" aria-invalid=\"false\" placeholder=\"Ime\" value=\"\" type=\"text\" name=\"your-name\" \/><\/span>\n\t\t\t\t<\/p>\n<\/p><\/div>\n<\/p><\/div>\n<div class=\"col-xl-6\">\n<div class=\"comment-form__input-box\">\n<p><span class=\"wpcf7-form-control-wrap\" data-name=\"your-email\"><input size=\"40\" maxlength=\"400\" class=\"wpcf7-form-control wpcf7-email wpcf7-validates-as-required wpcf7-text wpcf7-validates-as-email\" aria-required=\"true\" aria-invalid=\"false\" placeholder=\"E-mail adresa\" value=\"\" type=\"email\" name=\"your-email\" \/><\/span>\n\t\t\t\t<\/p>\n<\/p><\/div>\n<\/p><\/div>\n<div class=\"col-xl-6\">\n<div class=\"comment-form__input-box\">\n<p><span class=\"wpcf7-form-control-wrap\" data-name=\"your-phone\"><input size=\"40\" maxlength=\"400\" class=\"wpcf7-form-control wpcf7-text\" aria-invalid=\"false\" placeholder=\"Broj telefona\" value=\"\" type=\"text\" name=\"your-phone\" \/><\/span>\n\t\t\t\t<\/p>\n<\/p><\/div>\n<\/p><\/div>\n<div class=\"col-xl-6\">\n<div class=\"comment-form__input-box\">\n<p><span class=\"wpcf7-form-control-wrap\" data-name=\"your-subject\"><input size=\"40\" maxlength=\"400\" class=\"wpcf7-form-control wpcf7-text\" aria-invalid=\"false\" placeholder=\"Naslov\" value=\"\" type=\"text\" name=\"your-subject\" \/><\/span>\n\t\t\t\t<\/p>\n<\/p><\/div>\n<\/p><\/div>\n<\/p><\/div>\n<div class=\"row\">\n<div class=\"col-xl-12\">\n<div class=\"comment-form__input-box text-message-box\">\n<p><span class=\"wpcf7-form-control-wrap\" data-name=\"your-message\"><textarea cols=\"40\" rows=\"10\" maxlength=\"2000\" class=\"wpcf7-form-control wpcf7-textarea\" aria-invalid=\"false\" placeholder=\"Opi\u0161ite svoj projekt\" name=\"your-message\"><\/textarea><\/span>\n\t\t\t\t<\/p>\n<\/p><\/div>\n<div class=\"comment-form__btn-box\">\n<p><button type=\"submit\" class=\"thm-btn comment-form__btn\">Po\u0161alji<\/button>\n\t\t\t\t<\/p>\n<\/p><\/div>\n<\/p><\/div>\n<\/p><\/div>\n<\/div>\n<div class=\"wpcf7-response-output\" aria-hidden=\"true\"><\/div>\n<\/form>\n<\/div>\n                                            <\/div>\r\n                <\/div>\r\n                <div class=\"col-xl-4 col-lg-5\">\r\n                    <div class=\"contact-one__right\">\r\n                                                    <div class=\"contact-one__right-shape-1\" style=\"background-image: url(https:\/\/spraymajstor.com.hr\/wp-content\/uploads\/2025\/12\/cropped-SPRAY-MAJSTOR.png);\"><\/div>\r\n                                                                            <ul class=\"list-unstyled contact-one__info ml-0\">\r\n                                                                    <li>\r\n                                        <div class=\"contact-one__info-box\">\r\n                                            <p>Nazovite<\/p>\r\n                                            <h5>091\/5055-471<\/h5>\r\n                                        <\/div>\r\n                                    <\/li>\r\n                                                                    <li>\r\n                                        <div class=\"contact-one__info-box\">\r\n                                            <p>E-mail<\/p>\r\n                                            <h5>info@spraymajstor.com.hr<\/h5>\r\n                                        <\/div>\r\n                                    <\/li>\r\n                                                            <\/ul>\r\n                                                                            <div class=\"contact-one__social\">\r\n                                                            <\/div>\r\n                                            <\/div>\r\n                <\/div>\r\n            <\/div>\r\n        <\/div>\r\n    <\/section>\r\n    <!--Contact One End-->\r\n\r\n\t\t\t\t<\/div>\n\t\t\t\t<\/div>\n\t\t\t\t\t<\/div>\n\t\t\t\t<\/div>\n\t\t\t\t<\/div>\n\t\t","protected":false},"excerpt":{"rendered":"<p>O Nama Usluge koje nudimo Galerija Radova Kontakt Jednostavno rje\u0161enjeza Va\u0161e zidoveSprayMajstor Nazovite 091\/5055-471 Zatra\u017eite Ponudu Bojanje stanova i ku\u0107a Trebate kvalitetno bojanje stana ili ku\u0107e u Zagrebu bez dugog \u010dekanja i nereda?Nudimo profesionalno strojno bojanje stanova i ku\u0107a koje omogu\u0107uje ravnomjeran nanos boje, brzu izvedbu i uredan zavr\u0161etak radova. Idealno rje\u0161enje za useljenje, renovaciju [&hellip;]<\/p>\n","protected":false},"author":1,"featured_media":1390,"parent":0,"menu_order":0,"comment_status":"closed","ping_status":"closed","template":"elementor_header_footer","meta":{"footnotes":""},"class_list":["post-1305","page","type-page","status-publish","has-post-thumbnail","hentry"],"brizy_media":[],"_links":{"self":[{"href":"https:\/\/spraymajstor.com.hr\/index.php?rest_route=\/wp\/v2\/pages\/1305","targetHints":{"allow":["GET"]}}],"collection":[{"href":"https:\/\/spraymajstor.com.hr\/index.php?rest_route=\/wp\/v2\/pages"}],"about":[{"href":"https:\/\/spraymajstor.com.hr\/index.php?rest_route=\/wp\/v2\/types\/page"}],"author":[{"embeddable":true,"href":"https:\/\/spraymajstor.com.hr\/index.php?rest_route=\/wp\/v2\/users\/1"}],"replies":[{"embeddable":true,"href":"https:\/\/spraymajstor.com.hr\/index.php?rest_route=%2Fwp%2Fv2%2Fcomments&post=1305"}],"version-history":[{"count":9,"href":"https:\/\/spraymajstor.com.hr\/index.php?rest_route=\/wp\/v2\/pages\/1305\/revisions"}],"predecessor-version":[{"id":1748,"href":"https:\/\/spraymajstor.com.hr\/index.php?rest_route=\/wp\/v2\/pages\/1305\/revisions\/1748"}],"wp:featuredmedia":[{"embeddable":true,"href":"https:\/\/spraymajstor.com.hr\/index.php?rest_route=\/wp\/v2\/media\/1390"}],"wp:attachment":[{"href":"https:\/\/spraymajstor.com.hr\/index.php?rest_route=%2Fwp%2Fv2%2Fmedia&parent=1305"}],"curies":[{"name":"wp","href":"https:\/\/api.w.org\/{rel}","templated":true}]}}