{"id":1304,"date":"2022-04-19T07:19:21","date_gmt":"2022-04-19T07:19:21","guid":{"rendered":"http:\/\/bracketweb.com\/ambedwp\/?page_id=29"},"modified":"2026-01-08T12:59:22","modified_gmt":"2026-01-08T12:59:22","slug":"strojno-bojanje-zidova-zagreb","status":"publish","type":"page","link":"https:\/\/spraymajstor.com.hr\/?page_id=1304","title":{"rendered":"Strojno bojanje zidova"},"content":{"rendered":"\t\t<div data-elementor-type=\"wp-page\" data-elementor-id=\"1304\" class=\"elementor elementor-1304\">\n\t\t\t\t\t\t<section class=\"elementor-section elementor-top-section elementor-element elementor-element-70c1823d elementor-section-boxed elementor-section-height-default elementor-section-height-default\" data-id=\"70c1823d\" data-element_type=\"section\" data-e-type=\"section\">\n\t\t\t\t\t\t<div class=\"elementor-container elementor-column-gap-no\">\n\t\t\t\t\t<div class=\"elementor-column elementor-col-50 elementor-top-column elementor-element elementor-element-21bdae5\" data-id=\"21bdae5\" data-element_type=\"column\" data-e-type=\"column\">\n\t\t\t<div class=\"elementor-widget-wrap elementor-element-populated\">\n\t\t\t\t\t\t<div class=\"elementor-element elementor-element-d9789a0 elementor-widget elementor-widget-footer-sidebar-nav\" data-id=\"d9789a0\" data-element_type=\"widget\" data-e-type=\"widget\" data-widget_type=\"footer-sidebar-nav.default\">\n\t\t\t\t<div class=\"elementor-widget-container\">\n\t\t\t\t\t<div class=\"service-details__category\">\r\n\t\t\t<ul id=\"menu-izbornik\" class=\"service-details__category-list list-unstyled clearfix ml-0\"><li id=\"menu-item-206\" class=\"menu-item menu-item-type-post_type menu-item-object-page menu-item-206\"><a href=\"https:\/\/spraymajstor.com.hr\/?page_id=1318\"><span class=\"fa fa-angle-right\"><\/span>O Nama<\/a><\/li>\n<li id=\"menu-item-209\" class=\"menu-item menu-item-type-post_type menu-item-object-page menu-item-209\"><a href=\"https:\/\/spraymajstor.com.hr\/?page_id=1299\"><span class=\"fa fa-angle-right\"><\/span>Usluge koje nudimo<\/a><\/li>\n<li id=\"menu-item-1666\" class=\"menu-item menu-item-type-post_type menu-item-object-page menu-item-1666\"><a href=\"https:\/\/spraymajstor.com.hr\/?page_id=1316\"><span class=\"fa fa-angle-right\"><\/span>Galerija Radova<\/a><\/li>\n<li id=\"menu-item-207\" class=\"menu-item menu-item-type-post_type menu-item-object-page menu-item-207\"><a href=\"https:\/\/spraymajstor.com.hr\/?page_id=1294\"><span class=\"fa fa-angle-right\"><\/span>Kontakt<\/a><\/li>\n<li id=\"menu-item-1761\" class=\"menu-item menu-item-type-post_type menu-item-object-page current_page_parent menu-item-1761\"><a href=\"https:\/\/spraymajstor.com.hr\/?page_id=1297\"><span class=\"fa fa-angle-right\"><\/span>Najnoviji \u010dlanci<\/a><\/li>\n<li id=\"menu-item-1762\" class=\"menu-item menu-item-type-post_type menu-item-object-page menu-item-1762\"><a href=\"https:\/\/spraymajstor.com.hr\/?page_id=1317\"><span class=\"fa fa-angle-right\"><\/span>Naj\u010de\u0161\u0107a pitanja i odgovori<\/a><\/li>\n<li id=\"menu-item-1785\" class=\"menu-item menu-item-type-post_type menu-item-object-page menu-item-1785\"><a href=\"https:\/\/spraymajstor.com.hr\/?page_id=1775\"><span class=\"fa fa-angle-right\"><\/span>CJENIK<\/a><\/li>\n<\/ul>\t<\/div>\t\t\t\t<\/div>\n\t\t\t\t<\/div>\n\t\t\t\t<div class=\"elementor-element elementor-element-64fa4043 elementor-widget elementor-widget-footer-sidebar-call-to-action\" data-id=\"64fa4043\" data-element_type=\"widget\" data-e-type=\"widget\" data-widget_type=\"footer-sidebar-call-to-action.default\">\n\t\t\t\t<div class=\"elementor-widget-container\">\n\t\t\t\t\t<div class=\"service-details__need-help\">\r\n\t<div class=\"service-details__need-help-bg\" style=\"background-image: url(http:\/\/bracketweb.com\/ambedwp\/wp-content\/uploads\/2022\/04\/service-details-need-help-bg.jpg)\">\r\n\t<\/div>\r\n\t<div class=\"service-details__need-help-icon icon-svg-large\">\r\n\t\t<span aria-hidden=\"true\" class=\"  icon-phone-call\"><\/span>\t<\/div>\r\n\t\t\t<h2 class=\"service-details__need-help-title\">Jednostavno rje\u0161enje<br>za Va\u0161e zidove<br>SprayMajstor<\/h2>\r\n\t\t<div class=\"service-details__need-help-contact\">\r\n\t\t<p>Nazovite<\/p>\r\n\t\t<a href=\"tel:+385915055471\"> + 385(0) 91 5055 471<\/a>\r\n\t<\/div>\r\n<\/div>\t\t\t\t<\/div>\n\t\t\t\t<\/div>\n\t\t\t\t<div class=\"elementor-element elementor-element-15680e5e elementor-widget elementor-widget-sidebar-button\" data-id=\"15680e5e\" data-element_type=\"widget\" data-e-type=\"widget\" data-widget_type=\"sidebar-button.default\">\n\t\t\t\t<div class=\"elementor-widget-container\">\n\t\t\t\t\t<div class=\"service-details__download\">\r\n\t<a target=_blank href=\"#\" class=\"thm-btn service-details__download-btn\">\r\n\t\tZatra\u017eite ponudu\t<\/a>\r\n<\/div>\t\t\t\t<\/div>\n\t\t\t\t<\/div>\n\t\t\t\t\t<\/div>\n\t\t<\/div>\n\t\t\t\t<div class=\"elementor-column elementor-col-50 elementor-top-column elementor-element elementor-element-736c26de\" data-id=\"736c26de\" data-element_type=\"column\" data-e-type=\"column\">\n\t\t\t<div class=\"elementor-widget-wrap elementor-element-populated\">\n\t\t\t\t\t\t<div class=\"elementor-element elementor-element-7c8198ce elementor-widget elementor-widget-ambed-icon-box\" data-id=\"7c8198ce\" data-element_type=\"widget\" data-e-type=\"widget\" data-widget_type=\"ambed-icon-box.default\">\n\t\t\t\t<div class=\"elementor-widget-container\">\n\t\t\t\t\t\t<div class=\"service-details__img\">\r\n\t\t<img decoding=\"async\" src=\"https:\/\/spraymajstor.com.hr\/wp-content\/uploads\/2022\/04\/strojno-bojanje-bijela-strop.jpg\" alt=\"strojno bojanje stropa\">\r\n\t\t<div class=\"service-details__icon icon-svg-large\">\r\n\t\t\t<span aria-hidden=\"true\" class=\"   icon-wallpaper-4\"><\/span>\t\t<\/div>\r\n\t<\/div>\r\n\t\t\t\t<\/div>\n\t\t\t\t<\/div>\n\t\t\t\t<div class=\"elementor-element elementor-element-2df4adb9 elementor-widget elementor-widget-heading\" data-id=\"2df4adb9\" data-element_type=\"widget\" data-e-type=\"widget\" data-widget_type=\"heading.default\">\n\t\t\t\t\t<h2 class=\"elementor-heading-title elementor-size-default\">Strojno bojanje zidova<\/h2>\t\t\t\t<\/div>\n\t\t\t\t<div class=\"elementor-element elementor-element-4a59f7b elementor-widget__width-initial elementor-widget elementor-widget-text-editor\" data-id=\"4a59f7b\" data-element_type=\"widget\" data-e-type=\"widget\" data-widget_type=\"text-editor.default\">\n\t\t\t\t\t\t\t\t\t<p>Tra\u017eite <strong data-start=\"635\" data-end=\"689\">brzo, kvalitetno i uredno bojanje zidova u Zagrebu<\/strong> bez tragova valjka i dugog \u010dekanja?<\/p><p>Strojno bojanje zidova profesionalnim airless strojevima omogu\u0107uje savr\u0161eno ravnomjeran nanos boje, kra\u0107e trajanje radova i minimalan nered u prostoru.<\/p>\t\t\t\t\t\t\t\t<\/div>\n\t\t\t\t<div class=\"elementor-element elementor-element-69506f0d elementor-widget elementor-widget-text-editor\" data-id=\"69506f0d\" data-element_type=\"widget\" data-e-type=\"widget\" data-widget_type=\"text-editor.default\">\n\t\t\t\t\t\t\t\t\t<h3>\u0160to je strojno bojanje zidova?<\/h3>\t\t\t\t\t\t\t\t<\/div>\n\t\t\t\t<div class=\"elementor-element elementor-element-d1c420f elementor-widget elementor-widget-text-editor\" data-id=\"d1c420f\" data-element_type=\"widget\" data-e-type=\"widget\" data-widget_type=\"text-editor.default\">\n\t\t\t\t\t\t\t\t\t<p>Strojno bojanje zidova je moderna metoda nano\u0161enja boje pomo\u0107u <strong data-start=\"988\" data-end=\"1008\">airless strojeva<\/strong> koji boju ravnomjerno raspr\u0161uju pod kontroliranim pritiskom.<\/p><p data-start=\"925\" data-end=\"1127\">Za razliku od klasi\u010dnog bojanja valjkom, ovom tehnikom:<\/p><ul data-start=\"1128\" data-end=\"1219\"><li data-start=\"1128\" data-end=\"1152\"><p data-start=\"1130\" data-end=\"1152\">nema vidljivih tragova<\/p><\/li><li data-start=\"1153\" data-end=\"1179\"><p data-start=\"1155\" data-end=\"1179\">nema prijelaza i \u201efleka\u201d<\/p><\/li><li data-start=\"1180\" data-end=\"1219\"><p data-start=\"1182\" data-end=\"1219\">rezultat je ujedna\u010den i profesionalan<\/p><\/li><\/ul><p>Idealno je rje\u0161enje za stanove, ku\u0107e i poslovne prostore gdje je va\u017ena <strong data-start=\"1292\" data-end=\"1331\">brzina i kvaliteta zavr\u0161nog izgleda<\/strong>.<\/p>\t\t\t\t\t\t\t\t<\/div>\n\t\t\t\t<section class=\"elementor-section elementor-inner-section elementor-element elementor-element-6c9aed6f elementor-section-full_width elementor-section-height-default elementor-section-height-default\" data-id=\"6c9aed6f\" data-element_type=\"section\" data-e-type=\"section\">\n\t\t\t\t\t\t<div class=\"elementor-container elementor-column-gap-no\">\n\t\t\t\t\t<div class=\"elementor-column elementor-col-50 elementor-inner-column elementor-element elementor-element-70a7997b\" data-id=\"70a7997b\" data-element_type=\"column\" data-e-type=\"column\">\n\t\t\t<div class=\"elementor-widget-wrap elementor-element-populated\">\n\t\t\t\t\t\t<div class=\"elementor-element elementor-element-6bf60d19 elementor-widget elementor-widget-ambed-icon-box\" data-id=\"6bf60d19\" data-element_type=\"widget\" data-e-type=\"widget\" data-widget_type=\"ambed-icon-box.default\">\n\t\t\t\t<div class=\"elementor-widget-container\">\n\t\t\t\t\t    <div class=\"service-details__points-two-single\">\r\n        <div class=\"service-details__points-two-content\">\r\n            <div class=\"service-details__points-two-icon icon-svg-large\">\r\n                <span aria-hidden=\"true\" class=\"  icon-long-paper-roll\"><\/span>            <\/div>\r\n                            <h4>Kvalitetan materijal i oprema\n<\/h4>\r\n                                        <p>Koristimo visokokvalitetne materijale i boje te najnoviju opremu.\n\n<\/p>\r\n                    <\/div>\r\n\r\n    <\/div>\r\n\t\t\t\t<\/div>\n\t\t\t\t<\/div>\n\t\t\t\t\t<\/div>\n\t\t<\/div>\n\t\t\t\t<div class=\"elementor-column elementor-col-50 elementor-inner-column elementor-element elementor-element-7a71334c\" data-id=\"7a71334c\" data-element_type=\"column\" data-e-type=\"column\">\n\t\t\t<div class=\"elementor-widget-wrap elementor-element-populated\">\n\t\t\t\t\t\t<div class=\"elementor-element elementor-element-4c02d8c2 elementor-widget elementor-widget-ambed-icon-box\" data-id=\"4c02d8c2\" data-element_type=\"widget\" data-e-type=\"widget\" data-widget_type=\"ambed-icon-box.default\">\n\t\t\t\t<div class=\"elementor-widget-container\">\n\t\t\t\t\t    <div class=\"service-details__points-two-single\">\r\n        <div class=\"service-details__points-two-content\">\r\n            <div class=\"service-details__points-two-icon icon-svg-large\">\r\n                <span aria-hidden=\"true\" class=\"   icon-high-quality\"><\/span>            <\/div>\r\n                            <h4>Profesionalan pristup\n<\/h4>\r\n                                        <p>Idealno rje\u0161enje za brzo i \u010disto bojanje stanova i poslovnih prostora.\n\n<\/p>\r\n                    <\/div>\r\n\r\n    <\/div>\r\n\t\t\t\t<\/div>\n\t\t\t\t<\/div>\n\t\t\t\t\t<\/div>\n\t\t<\/div>\n\t\t\t\t\t<\/div>\n\t\t<\/section>\n\t\t\t\t<div class=\"elementor-element elementor-element-61195890 elementor-widget elementor-widget-ambed-our-benefit\" data-id=\"61195890\" data-element_type=\"widget\" data-e-type=\"widget\" data-widget_type=\"ambed-our-benefit.default\">\n\t\t\t\t<div class=\"elementor-widget-container\">\n\t\t\t\t\t\r\n    <div class=\"service-details__benefits\">\r\n        <div class=\"row\">\r\n            <div class=\"col-xl-6\">\r\n                                    <div class=\"service-details__benefits-img\">\r\n                        <img decoding=\"async\" src=\"https:\/\/spraymajstor.com.hr\/wp-content\/uploads\/2022\/04\/strojno-bojanje-2.webp\" alt=\"strojno farbanje\">\r\n                    <\/div>\r\n                            <\/div>\r\n            <div class=\"col-xl-6\">\r\n                <div class=\"service-details__benefits-right\">\r\n                                            <h3 class=\"service-details__benefits-title\">Za\u0161to odabrati ba\u0161 nas?\n<\/h3>\r\n                                                                <p class=\"service-betails__benefits-text-1\">Prednosti strojnog bojanja u odnosu na klasi\u010dno bojanje\n\n<\/p>\r\n                                                                <ul class=\"list-unstyled service-details__benefits-points ml-0\">\r\n                                                            <li>\r\n                                    <div class=\"icon icon-svg\">\r\n                                        <svg aria-hidden=\"true\" class=\"  e-font-icon-svg e-fas-check\" viewBox=\"0 0 512 512\" xmlns=\"http:\/\/www.w3.org\/2000\/svg\"><path d=\"M173.898 439.404l-166.4-166.4c-9.997-9.997-9.997-26.206 0-36.204l36.203-36.204c9.997-9.998 26.207-9.998 36.204 0L192 312.69 432.095 72.596c9.997-9.997 26.207-9.997 36.204 0l36.203 36.204c9.997 9.997 9.997 26.206 0 36.204l-294.4 294.401c-9.998 9.997-26.207 9.997-36.204-.001z\"><\/path><\/svg>                                    <\/div>\r\n                                    <div class=\"text\">\r\n                                        <p>ravnomjeran nanos boje bez tragova\n\n<\/p>\r\n                                    <\/div>\r\n                                <\/li>\r\n                                                            <li>\r\n                                    <div class=\"icon icon-svg\">\r\n                                        <i aria-hidden=\"true\" class=\"  fa fa-check\"><\/i>                                    <\/div>\r\n                                    <div class=\"text\">\r\n                                        <p>zna\u010dajno br\u017ee izvo\u0111enje radova\n<\/p>\r\n                                    <\/div>\r\n                                <\/li>\r\n                                                            <li>\r\n                                    <div class=\"icon icon-svg\">\r\n                                        <i aria-hidden=\"true\" class=\"  fa fa-check\"><\/i>                                    <\/div>\r\n                                    <div class=\"text\">\r\n                                        <p>manje nereda i pra\u0161ine\n\n<\/p>\r\n                                    <\/div>\r\n                                <\/li>\r\n                                                            <li>\r\n                                    <div class=\"icon icon-svg\">\r\n                                        <i aria-hidden=\"true\" class=\"  fa fa-check\"><\/i>                                    <\/div>\r\n                                    <div class=\"text\">\r\n                                        <p>profesionalni zavr\u0161ni izgled<\/p>\r\n                                    <\/div>\r\n                                <\/li>\r\n                                                    <\/ul>\r\n                                    <\/div>\r\n            <\/div>\r\n        <\/div>\r\n    <\/div>\r\n\r\n\t\t\t\t<\/div>\n\t\t\t\t<\/div>\n\t\t\t\t<div class=\"elementor-element elementor-element-29c233f elementor-widget elementor-widget-ambed-faq\" data-id=\"29c233f\" data-element_type=\"widget\" data-e-type=\"widget\" data-widget_type=\"ambed-faq.default\">\n\t\t\t\t<div class=\"elementor-widget-container\">\n\t\t\t\t\t<div class=\"faq-page__left\">\r\n\t<div class=\"accrodion-grp faq-one-accrodion\" data-grp-name=\"faq-one-accrodion-69e01bb5e73ee\">\r\n\t\t\t\t\t<div class=\"accrodion active\">\r\n\t\t\t\t<div class=\"accrodion-title\">\r\n\t\t\t\t\t<h4>Kada odabrati strojno bojanje stanova i ku\u0107a?<\/h4>\r\n\t\t\t\t<\/div>\r\n\t\t\t\t<div class=\"accrodion-content\">\r\n\t\t\t\t\t<div class=\"inner\">\r\n\t\t\t\t\t\t<p>Strojno bojanje stanova i ku\u0107a idealno za: useljenje ili prodaju, renovacije, osvje\u017eavanje prostora.\n\nRadimo brzo i prilago\u0111avamo se va\u0161em rasporedu kako biste se mogli \u0161to prije vratiti svakodnevnim obavezama.\n\n<\/p>\r\n\t\t\t\t\t<\/div><!-- \/.inner -->\r\n\t\t\t\t<\/div>\r\n\t\t\t<\/div>\r\n\t\t\t\t\t<div class=\"accrodion \">\r\n\t\t\t\t<div class=\"accrodion-title\">\r\n\t\t\t\t\t<h4>Bojimo li i poslovne prostore?<\/h4>\r\n\t\t\t\t<\/div>\r\n\t\t\t\t<div class=\"accrodion-content\">\r\n\t\t\t\t\t<div class=\"inner\">\r\n\t\t\t\t\t\t<p>Naravno, bojimo: urede, lokale, apartmane, stubi\u0161ta i hale.\n\nRazumijemo da poslovni prostori ne mogu dugo biti van funkcije, zato nudimo brzu i pouzdanu uslugu bez dugih zastoja.<\/p>\r\n\t\t\t\t\t<\/div><!-- \/.inner -->\r\n\t\t\t\t<\/div>\r\n\t\t\t<\/div>\r\n\t\t\t\t\t<div class=\"accrodion \">\r\n\t\t\t\t<div class=\"accrodion-title\">\r\n\t\t\t\t\t<h4>Trebam li brinuti za pripremu prostora i \u010di\u0161\u0107enje nakon bojanja?<\/h4>\r\n\t\t\t\t<\/div>\r\n\t\t\t\t<div class=\"accrodion-content\">\r\n\t\t\t\t\t<div class=\"inner\">\r\n\t\t\t\t\t\t<p>Ne morate brinuti o pripremi i \u010di\u0161\u0107enju. Na\u0161a usluga uklju\u010duje oboje. Svaki projekt uklju\u010duje:\nza\u0161titu namje\u0161taja i podova, pa\u017eljivu pripremu zidova, precizno bojanje, temeljito \u010di\u0161\u0107enje nakon zavr\u0161etka\n\nProstor ostavljamo \u010dist, uredan i spreman za kori\u0161tenje odmah nakon bojanja.\n\n<\/p>\r\n\t\t\t\t\t<\/div><!-- \/.inner -->\r\n\t\t\t\t<\/div>\r\n\t\t\t<\/div>\r\n\t\t\t\t\t<div class=\"accrodion \">\r\n\t\t\t\t<div class=\"accrodion-title\">\r\n\t\t\t\t\t<h4>Koje strojeve i materijale koristite?<\/h4>\r\n\t\t\t\t<\/div>\r\n\t\t\t\t<div class=\"accrodion-content\">\r\n\t\t\t\t\t<div class=\"inner\">\r\n\t\t\t\t\t\t<p>Koristimo:\n\nprofesionalne airless strojeve, provjerene boje visoke pokrivnosti, materijale prilago\u0111ene vrsti podloge.\n\nTako\u0111er, po potrebi savjetujemo oko:\nizbora boje, zavr\u0161nog izgleda, optimalnog rje\u0161enja za va\u0161 prostor\n\n<\/p>\r\n\t\t\t\t\t<\/div><!-- \/.inner -->\r\n\t\t\t\t<\/div>\r\n\t\t\t<\/div>\r\n\t\t\t\t\t<div class=\"accrodion \">\r\n\t\t\t\t<div class=\"accrodion-title\">\r\n\t\t\t\t\t<h4>Koja je cijena strojnog bojanja zidova?<\/h4>\r\n\t\t\t\t<\/div>\r\n\t\t\t\t<div class=\"accrodion-content\">\r\n\t\t\t\t\t<div class=\"inner\">\r\n\t\t\t\t\t\t<p>Cijena ovisi o:\nkvadraturi prostora, stanju zidova, vrsti boje te zahtjevnosti projekta.\n\nNudimo transparentne i korektne cijene bez skrivenih tro\u0161kova.\n\n\ud83d\udc49 Za to\u010dnu ponudu, javite nam se s osnovnim informacijama o prostoru.<\/p>\r\n\t\t\t\t\t<\/div><!-- \/.inner -->\r\n\t\t\t\t<\/div>\r\n\t\t\t<\/div>\r\n\t\t\t\t\t<div class=\"accrodion \">\r\n\t\t\t\t<div class=\"accrodion-title\">\r\n\t\t\t\t\t<h4>Na kojem podru\u010dju radite?<\/h4>\r\n\t\t\t\t<\/div>\r\n\t\t\t\t<div class=\"accrodion-content\">\r\n\t\t\t\t\t<div class=\"inner\">\r\n\t\t\t\t\t\t<p>Uslugu strojnog bojanja pru\u017eamo na podru\u010dju:\nZagreba i okolice. Za ve\u0107e prostore i projekte, po potrebi radimo na cijelom podru\u010dju RH.\n\nBrza dostupnost i fleksibilni termini \u2013 posebno za klijente kojima je bojanje hitno potrebno.<\/p>\r\n\t\t\t\t\t<\/div><!-- \/.inner -->\r\n\t\t\t\t<\/div>\r\n\t\t\t<\/div>\r\n\t\t\t<\/div>\r\n<\/div>\t\t\t\t<\/div>\n\t\t\t\t<\/div>\n\t\t\t\t\t<\/div>\n\t\t<\/div>\n\t\t\t\t\t<\/div>\n\t\t<\/section>\n\t\t\t\t<\/div>\n\t\t","protected":false},"excerpt":{"rendered":"<p>O Nama Usluge koje nudimo Galerija Radova Kontakt Jednostavno rje\u0161enjeza Va\u0161e zidoveSprayMajstor Nazovite + 385(0) 91 5055 471 Zatra\u017eite ponudu Strojno bojanje zidova Tra\u017eite brzo, kvalitetno i uredno bojanje zidova u Zagrebu bez tragova valjka i dugog \u010dekanja? Strojno bojanje zidova profesionalnim airless strojevima omogu\u0107uje savr\u0161eno ravnomjeran nanos boje, kra\u0107e trajanje radova i minimalan nered [&hellip;]<\/p>\n","protected":false},"author":1,"featured_media":1390,"parent":0,"menu_order":0,"comment_status":"closed","ping_status":"closed","template":"elementor_header_footer","meta":{"footnotes":""},"class_list":["post-1304","page","type-page","status-publish","has-post-thumbnail","hentry"],"brizy_media":[],"_links":{"self":[{"href":"https:\/\/spraymajstor.com.hr\/index.php?rest_route=\/wp\/v2\/pages\/1304","targetHints":{"allow":["GET"]}}],"collection":[{"href":"https:\/\/spraymajstor.com.hr\/index.php?rest_route=\/wp\/v2\/pages"}],"about":[{"href":"https:\/\/spraymajstor.com.hr\/index.php?rest_route=\/wp\/v2\/types\/page"}],"author":[{"embeddable":true,"href":"https:\/\/spraymajstor.com.hr\/index.php?rest_route=\/wp\/v2\/users\/1"}],"replies":[{"embeddable":true,"href":"https:\/\/spraymajstor.com.hr\/index.php?rest_route=%2Fwp%2Fv2%2Fcomments&post=1304"}],"version-history":[{"count":8,"href":"https:\/\/spraymajstor.com.hr\/index.php?rest_route=\/wp\/v2\/pages\/1304\/revisions"}],"predecessor-version":[{"id":1737,"href":"https:\/\/spraymajstor.com.hr\/index.php?rest_route=\/wp\/v2\/pages\/1304\/revisions\/1737"}],"wp:featuredmedia":[{"embeddable":true,"href":"https:\/\/spraymajstor.com.hr\/index.php?rest_route=\/wp\/v2\/media\/1390"}],"wp:attachment":[{"href":"https:\/\/spraymajstor.com.hr\/index.php?rest_route=%2Fwp%2Fv2%2Fmedia&parent=1304"}],"curies":[{"name":"wp","href":"https:\/\/api.w.org\/{rel}","templated":true}]}}