{"id":1303,"date":"2022-04-19T07:19:06","date_gmt":"2022-04-19T07:19:06","guid":{"rendered":"http:\/\/bracketweb.com\/ambedwp\/?page_id=27"},"modified":"2026-01-08T14:41:36","modified_gmt":"2026-01-08T14:41:36","slug":"dubinsko-ciscenje-namjestaja","status":"publish","type":"page","link":"https:\/\/spraymajstor.com.hr\/?page_id=1303","title":{"rendered":"Dubinsko \u010di\u0161\u0107enje namje\u0161taja"},"content":{"rendered":"\t\t<div data-elementor-type=\"wp-page\" data-elementor-id=\"1303\" class=\"elementor elementor-1303\">\n\t\t\t\t\t\t<section class=\"elementor-section elementor-top-section elementor-element elementor-element-6560b851 elementor-section-boxed elementor-section-height-default elementor-section-height-default\" data-id=\"6560b851\" data-element_type=\"section\" data-e-type=\"section\">\n\t\t\t\t\t\t<div class=\"elementor-container elementor-column-gap-no\">\n\t\t\t\t\t<div class=\"elementor-column elementor-col-50 elementor-top-column elementor-element elementor-element-1847ab76\" data-id=\"1847ab76\" data-element_type=\"column\" data-e-type=\"column\">\n\t\t\t<div class=\"elementor-widget-wrap elementor-element-populated\">\n\t\t\t\t\t\t<div class=\"elementor-element elementor-element-7453b495 elementor-widget elementor-widget-footer-sidebar-nav\" data-id=\"7453b495\" data-element_type=\"widget\" data-e-type=\"widget\" data-widget_type=\"footer-sidebar-nav.default\">\n\t\t\t\t<div class=\"elementor-widget-container\">\n\t\t\t\t\t<div class=\"service-details__category\">\r\n\t\t\t<ul id=\"menu-izbornik\" class=\"service-details__category-list list-unstyled clearfix ml-0\"><li id=\"menu-item-206\" class=\"menu-item menu-item-type-post_type menu-item-object-page menu-item-206\"><a href=\"https:\/\/spraymajstor.com.hr\/?page_id=1318\"><span class=\"fa fa-angle-right\"><\/span>O Nama<\/a><\/li>\n<li id=\"menu-item-209\" class=\"menu-item menu-item-type-post_type menu-item-object-page menu-item-209\"><a href=\"https:\/\/spraymajstor.com.hr\/?page_id=1299\"><span class=\"fa fa-angle-right\"><\/span>Usluge koje nudimo<\/a><\/li>\n<li id=\"menu-item-1666\" class=\"menu-item menu-item-type-post_type menu-item-object-page menu-item-1666\"><a href=\"https:\/\/spraymajstor.com.hr\/?page_id=1316\"><span class=\"fa fa-angle-right\"><\/span>Galerija Radova<\/a><\/li>\n<li id=\"menu-item-207\" class=\"menu-item menu-item-type-post_type menu-item-object-page menu-item-207\"><a href=\"https:\/\/spraymajstor.com.hr\/?page_id=1294\"><span class=\"fa fa-angle-right\"><\/span>Kontakt<\/a><\/li>\n<li id=\"menu-item-1761\" class=\"menu-item menu-item-type-post_type menu-item-object-page current_page_parent menu-item-1761\"><a href=\"https:\/\/spraymajstor.com.hr\/?page_id=1297\"><span class=\"fa fa-angle-right\"><\/span>Najnoviji \u010dlanci<\/a><\/li>\n<li id=\"menu-item-1762\" class=\"menu-item menu-item-type-post_type menu-item-object-page menu-item-1762\"><a href=\"https:\/\/spraymajstor.com.hr\/?page_id=1317\"><span class=\"fa fa-angle-right\"><\/span>Naj\u010de\u0161\u0107a pitanja i odgovori<\/a><\/li>\n<li id=\"menu-item-1785\" class=\"menu-item menu-item-type-post_type menu-item-object-page menu-item-1785\"><a href=\"https:\/\/spraymajstor.com.hr\/?page_id=1775\"><span class=\"fa fa-angle-right\"><\/span>CJENIK<\/a><\/li>\n<\/ul>\t<\/div>\t\t\t\t<\/div>\n\t\t\t\t<\/div>\n\t\t\t\t<div class=\"elementor-element elementor-element-3801bda4 elementor-widget elementor-widget-footer-sidebar-call-to-action\" data-id=\"3801bda4\" data-element_type=\"widget\" data-e-type=\"widget\" data-widget_type=\"footer-sidebar-call-to-action.default\">\n\t\t\t\t<div class=\"elementor-widget-container\">\n\t\t\t\t\t<div class=\"service-details__need-help\">\r\n\t<div class=\"service-details__need-help-bg\" style=\"background-image: url(https:\/\/spraymajstor.com.hr\/wp-content\/uploads\/2023\/02\/01.jpg)\">\r\n\t<\/div>\r\n\t<div class=\"service-details__need-help-icon icon-svg-large\">\r\n\t\t<span aria-hidden=\"true\" class=\"  icon-phone-call\"><\/span>\t<\/div>\r\n\t\t\t<h2 class=\"service-details__need-help-title\">Jednostavno rje\u0161enje<br>za Va\u0161 namje\u0161taj<br>SprayMajstor<\/h2>\r\n\t\t<div class=\"service-details__need-help-contact\">\r\n\t\t<p>Nazovite<\/p>\r\n\t\t<a href=\"tel:+385915055471\"> 091\/5055-471<\/a>\r\n\t<\/div>\r\n<\/div>\t\t\t\t<\/div>\n\t\t\t\t<\/div>\n\t\t\t\t<div class=\"elementor-element elementor-element-19355833 elementor-widget elementor-widget-sidebar-button\" data-id=\"19355833\" data-element_type=\"widget\" data-e-type=\"widget\" data-widget_type=\"sidebar-button.default\">\n\t\t\t\t<div class=\"elementor-widget-container\">\n\t\t\t\t\t<div class=\"service-details__download\">\r\n\t<a target=_blank href=\"https:\/\/spraymajstor.com.hr\/?page_id=1294\" class=\"thm-btn service-details__download-btn\">\r\n\t\tZatra\u017eite ponudu\t<\/a>\r\n<\/div>\t\t\t\t<\/div>\n\t\t\t\t<\/div>\n\t\t\t\t\t<\/div>\n\t\t<\/div>\n\t\t\t\t<div class=\"elementor-column elementor-col-50 elementor-top-column elementor-element elementor-element-73038bbd\" data-id=\"73038bbd\" data-element_type=\"column\" data-e-type=\"column\">\n\t\t\t<div class=\"elementor-widget-wrap elementor-element-populated\">\n\t\t\t\t\t\t<div class=\"elementor-element elementor-element-4f24bb2 elementor-widget elementor-widget-ambed-icon-box\" data-id=\"4f24bb2\" data-element_type=\"widget\" data-e-type=\"widget\" data-widget_type=\"ambed-icon-box.default\">\n\t\t\t\t<div class=\"elementor-widget-container\">\n\t\t\t\t\t\t<div class=\"service-details__img\">\r\n\t\t<img decoding=\"async\" src=\"https:\/\/spraymajstor.com.hr\/wp-content\/uploads\/2022\/04\/project-1-1.jpg\" alt=\"namje\u0161taj \u010di\u0161\u0107enje\">\r\n\t\t<div class=\"service-details__icon icon-svg-large\">\r\n\t\t\t<span aria-hidden=\"true\" class=\"   icon-furnitures\"><\/span>\t\t<\/div>\r\n\t<\/div>\r\n\t\t\t\t<\/div>\n\t\t\t\t<\/div>\n\t\t\t\t<div class=\"elementor-element elementor-element-63af025 elementor-widget elementor-widget-heading\" data-id=\"63af025\" data-element_type=\"widget\" data-e-type=\"widget\" data-widget_type=\"heading.default\">\n\t\t\t\t\t<h2 class=\"elementor-heading-title elementor-size-default\">Dubinsko \u010di\u0161\u0107enje namje\u0161taja<\/h2>\t\t\t\t<\/div>\n\t\t\t\t<div class=\"elementor-element elementor-element-41820267 elementor-widget elementor-widget-text-editor\" data-id=\"41820267\" data-element_type=\"widget\" data-e-type=\"widget\" data-widget_type=\"text-editor.default\">\n\t\t\t\t\t\t\t\t\t<p>\u010ci\u0161\u0107enje garnitura, madraca, tepiha i stolaca K\u00e4rcher parnim \u010dista\u010dem \u2013 uklanjamo mrlje, neugodne mirise i bakterije.<\/p>\t\t\t\t\t\t\t\t<\/div>\n\t\t\t\t<div class=\"elementor-element elementor-element-635bf455 elementor-widget elementor-widget-text-editor\" data-id=\"635bf455\" data-element_type=\"widget\" data-e-type=\"widget\" data-widget_type=\"text-editor.default\">\n\t\t\t\t\t\t\t\t\t<h2 data-start=\"941\" data-end=\"978\">Koje vrste namje\u0161taja \u010distimo?<\/h2><ul><li data-start=\"979\" data-end=\"1007\">Garniture i trosjedi<\/li><li data-start=\"1008\" data-end=\"1046\">Stolice i tapecirani namje\u0161taj<\/li><li data-start=\"1047\" data-end=\"1072\">Kreveti i madraci<\/li><li data-start=\"1073\" data-end=\"1098\">Tepisi i tepisoni<\/li><li data-start=\"1099\" data-end=\"1134\">Uredski i poslovni prostori<\/li><\/ul>\t\t\t\t\t\t\t\t<\/div>\n\t\t\t\t<div class=\"elementor-element elementor-element-48c9c4e8 elementor-widget elementor-widget-text-editor\" data-id=\"48c9c4e8\" data-element_type=\"widget\" data-e-type=\"widget\" data-widget_type=\"text-editor.default\">\n\t\t\t\t\t\t\t\t\t<h2 data-start=\"1186\" data-end=\"1238\">K\u00e4rcher parni \u010dista\u010d \u2013 za\u0161to je u\u010dinkovitiji?<\/h2><ul data-start=\"1268\" data-end=\"1393\"><li data-start=\"1268\" data-end=\"1293\"><p data-start=\"1270\" data-end=\"1293\">visoka temperatura pare<\/p><\/li><li data-start=\"1294\" data-end=\"1327\"><p data-start=\"1296\" data-end=\"1327\">dubinsko izvla\u010denje prljav\u0161tine<\/p><\/li><li data-start=\"1328\" data-end=\"1351\"><p data-start=\"1330\" data-end=\"1351\">neutralizacija mirisa<\/p><\/li><li data-start=\"1352\" data-end=\"1393\"><p data-start=\"1354\" data-end=\"1393\">uklanjanje grinja, bakterija i alergena<\/p><\/li><\/ul>\t\t\t\t\t\t\t\t<\/div>\n\t\t\t\t<section class=\"elementor-section elementor-inner-section elementor-element elementor-element-75a57507 elementor-section-full_width elementor-section-height-default elementor-section-height-default\" data-id=\"75a57507\" data-element_type=\"section\" data-e-type=\"section\">\n\t\t\t\t\t\t<div class=\"elementor-container elementor-column-gap-no\">\n\t\t\t\t\t<div class=\"elementor-column elementor-col-50 elementor-inner-column elementor-element elementor-element-7dd2c246\" data-id=\"7dd2c246\" data-element_type=\"column\" data-e-type=\"column\">\n\t\t\t<div class=\"elementor-widget-wrap elementor-element-populated\">\n\t\t\t\t\t\t<div class=\"elementor-element elementor-element-765acc0a elementor-widget elementor-widget-ambed-icon-box\" data-id=\"765acc0a\" data-element_type=\"widget\" data-e-type=\"widget\" data-widget_type=\"ambed-icon-box.default\">\n\t\t\t\t<div class=\"elementor-widget-container\">\n\t\t\t\t\t    <div class=\"service-details__points-two-single\">\r\n        <div class=\"service-details__points-two-content\">\r\n            <div class=\"service-details__points-two-icon icon-svg-large\">\r\n                <span aria-hidden=\"true\" class=\"  icon-long-paper-roll\"><\/span>            <\/div>\r\n                            <h4>Proin Tempus\n<\/h4>\r\n                                        <p>There are many of of lorem Ipsum, but the majori have suffered.\n\n<\/p>\r\n                    <\/div>\r\n\r\n    <\/div>\r\n\t\t\t\t<\/div>\n\t\t\t\t<\/div>\n\t\t\t\t\t<\/div>\n\t\t<\/div>\n\t\t\t\t<div class=\"elementor-column elementor-col-50 elementor-inner-column elementor-element elementor-element-3f3745be\" data-id=\"3f3745be\" data-element_type=\"column\" data-e-type=\"column\">\n\t\t\t<div class=\"elementor-widget-wrap elementor-element-populated\">\n\t\t\t\t\t\t<div class=\"elementor-element elementor-element-39cbcd16 elementor-widget elementor-widget-ambed-icon-box\" data-id=\"39cbcd16\" data-element_type=\"widget\" data-e-type=\"widget\" data-widget_type=\"ambed-icon-box.default\">\n\t\t\t\t<div class=\"elementor-widget-container\">\n\t\t\t\t\t    <div class=\"service-details__points-two-single\">\r\n        <div class=\"service-details__points-two-content\">\r\n            <div class=\"service-details__points-two-icon icon-svg-large\">\r\n                <span aria-hidden=\"true\" class=\"   icon-wallpaper-8\"><\/span>            <\/div>\r\n                            <h4>Proin Tempus\n<\/h4>\r\n                                        <p>There are many of of lorem Ipsum, but the majori have suffered.\n\n<\/p>\r\n                    <\/div>\r\n\r\n    <\/div>\r\n\t\t\t\t<\/div>\n\t\t\t\t<\/div>\n\t\t\t\t\t<\/div>\n\t\t<\/div>\n\t\t\t\t\t<\/div>\n\t\t<\/section>\n\t\t\t\t<div class=\"elementor-element elementor-element-7a38bb74 elementor-widget elementor-widget-ambed-our-benefit\" data-id=\"7a38bb74\" data-element_type=\"widget\" data-e-type=\"widget\" data-widget_type=\"ambed-our-benefit.default\">\n\t\t\t\t<div class=\"elementor-widget-container\">\n\t\t\t\t\t\r\n    <div class=\"service-details__benefits\">\r\n        <div class=\"row\">\r\n            <div class=\"col-xl-6\">\r\n                                    <div class=\"service-details__benefits-img\">\r\n                        <img decoding=\"async\" src=\"https:\/\/spraymajstor.com.hr\/wp-content\/uploads\/2022\/04\/welcome-one-img-2-e1767783715179.jpg\" alt=\"dubinsko \u010di\u0161\u0107enje\">\r\n                    <\/div>\r\n                            <\/div>\r\n            <div class=\"col-xl-6\">\r\n                <div class=\"service-details__benefits-right\">\r\n                                            <h3 class=\"service-details__benefits-title\">Prednosti dubinskog \u010di\u0161\u0107enja<\/h3>\r\n                                                                <p class=\"service-betails__benefits-text-1\">\n<\/p>\r\n                                                                <ul class=\"list-unstyled service-details__benefits-points ml-0\">\r\n                                                            <li>\r\n                                    <div class=\"icon icon-svg\">\r\n                                        <svg aria-hidden=\"true\" class=\"  e-font-icon-svg e-fas-check\" viewBox=\"0 0 512 512\" xmlns=\"http:\/\/www.w3.org\/2000\/svg\"><path d=\"M173.898 439.404l-166.4-166.4c-9.997-9.997-9.997-26.206 0-36.204l36.203-36.204c9.997-9.998 26.207-9.998 36.204 0L192 312.69 432.095 72.596c9.997-9.997 26.207-9.997 36.204 0l36.203 36.204c9.997 9.997 9.997 26.206 0 36.204l-294.4 294.401c-9.998 9.997-26.207 9.997-36.204-.001z\"><\/path><\/svg>                                    <\/div>\r\n                                    <div class=\"text\">\r\n                                        <p>Brza intervencija\n\n<\/p>\r\n                                    <\/div>\r\n                                <\/li>\r\n                                                            <li>\r\n                                    <div class=\"icon icon-svg\">\r\n                                        <i aria-hidden=\"true\" class=\"  fa fa-check\"><\/i>                                    <\/div>\r\n                                    <div class=\"text\">\r\n                                        <p>Vidljiv rezultat odmah\n\n<\/p>\r\n                                    <\/div>\r\n                                <\/li>\r\n                                                            <li>\r\n                                    <div class=\"icon icon-svg\">\r\n                                        <i aria-hidden=\"true\" class=\"  fa fa-check\"><\/i>                                    <\/div>\r\n                                    <div class=\"text\">\r\n                                        <p>Bez o\u0161te\u0107enja materijala\n\n<\/p>\r\n                                    <\/div>\r\n                                <\/li>\r\n                                                            <li>\r\n                                    <div class=\"icon icon-svg\">\r\n                                        <i aria-hidden=\"true\" class=\"  fa fa-check\"><\/i>                                    <\/div>\r\n                                    <div class=\"text\">\r\n                                        <p>Uredna izvedba\n\n<\/p>\r\n                                    <\/div>\r\n                                <\/li>\r\n                                                            <li>\r\n                                    <div class=\"icon icon-svg\">\r\n                                        <i aria-hidden=\"true\" class=\"  fa fa-check\"><\/i>                                    <\/div>\r\n                                    <div class=\"text\">\r\n                                        <p>Povr\u0161ine suhe u kratkom roku\n<\/p>\r\n                                    <\/div>\r\n                                <\/li>\r\n                                                    <\/ul>\r\n                                    <\/div>\r\n            <\/div>\r\n        <\/div>\r\n    <\/div>\r\n\r\n\t\t\t\t<\/div>\n\t\t\t\t<\/div>\n\t\t\t\t<div class=\"elementor-element elementor-element-9b5dd87 elementor-widget elementor-widget-ambed-faq\" data-id=\"9b5dd87\" data-element_type=\"widget\" data-e-type=\"widget\" data-widget_type=\"ambed-faq.default\">\n\t\t\t\t<div class=\"elementor-widget-container\">\n\t\t\t\t\t<div class=\"faq-page__left\">\r\n\t<div class=\"accrodion-grp faq-one-accrodion\" data-grp-name=\"faq-one-accrodion-69e00378432ba\">\r\n\t\t\t\t\t<div class=\"accrodion active\">\r\n\t\t\t\t<div class=\"accrodion-title\">\r\n\t\t\t\t\t<h4>Je li \u010di\u0161\u0107enje sigurno za tkanine?<\/h4>\r\n\t\t\t\t<\/div>\r\n\t\t\t\t<div class=\"accrodion-content\">\r\n\t\t\t\t\t<div class=\"inner\">\r\n\t\t\t\t\t\t<p>Da. Dubinsko \u010di\u0161\u0107enje provodimo profesionalnim K\u00e4rcher parnim \u010dista\u010dem koji je siguran za ve\u0107inu tapeciranih povr\u0161ina, uklju\u010duju\u0107i garniture, stolce, madrace i tepihe. Prije \u010di\u0161\u0107enja uvijek procjenjujemo vrstu tkanine kako bismo prilagodili ja\u010dinu i na\u010din rada, bez o\u0161te\u0107enja materijala ili promjene boje.\n\n<\/p>\r\n\t\t\t\t\t<\/div><!-- \/.inner -->\r\n\t\t\t\t<\/div>\r\n\t\t\t<\/div>\r\n\t\t\t\t\t<div class=\"accrodion \">\r\n\t\t\t\t<div class=\"accrodion-title\">\r\n\t\t\t\t\t<h4>Koliko dugo se su\u0161i namje\u0161taj?<\/h4>\r\n\t\t\t\t<\/div>\r\n\t\t\t\t<div class=\"accrodion-content\">\r\n\t\t\t\t\t<div class=\"inner\">\r\n\t\t\t\t\t\t<p>Vrijeme su\u0161enja ovisi o vrsti tkanine i stupnju zaprljanosti, ali u prosjeku traje od 4 do 8 sati. Prostori se mogu koristiti vrlo brzo nakon \u010di\u0161\u0107enja, a uz dobru ventilaciju su\u0161enje je jo\u0161 br\u017ee.\n\n<\/p>\r\n\t\t\t\t\t<\/div><!-- \/.inner -->\r\n\t\t\t\t<\/div>\r\n\t\t\t<\/div>\r\n\t\t\t\t\t<div class=\"accrodion \">\r\n\t\t\t\t<div class=\"accrodion-title\">\r\n\t\t\t\t\t<h4>Uklanja li se miris urina ili dima?<\/h4>\r\n\t\t\t\t<\/div>\r\n\t\t\t\t<div class=\"accrodion-content\">\r\n\t\t\t\t\t<div class=\"inner\">\r\n\t\t\t\t\t\t<p>U ve\u0107ini slu\u010dajeva \u2013 da. Dubinsko \u010di\u0161\u0107enje parom u\u010dinkovito uklanja neugodne mirise poput urina, dima i ustajalih mirisa jer prodire duboko u vlakna tkanine. Kod ja\u010dih i dugotrajnih mirisa rezultat ovisi o dubini upijanja, ali se mirisi zna\u010dajno smanjuju ili u potpunosti uklanjaju.\n\n<\/p>\r\n\t\t\t\t\t<\/div><!-- \/.inner -->\r\n\t\t\t\t<\/div>\r\n\t\t\t<\/div>\r\n\t\t\t\t\t<div class=\"accrodion \">\r\n\t\t\t\t<div class=\"accrodion-title\">\r\n\t\t\t\t\t<h4>Koristite li kemikalije?<\/h4>\r\n\t\t\t\t<\/div>\r\n\t\t\t\t<div class=\"accrodion-content\">\r\n\t\t\t\t\t<div class=\"inner\">\r\n\t\t\t\t\t\t<p>Ne koristimo agresivne kemikalije. \u010ci\u0161\u0107enje se temelji na vru\u0107oj pari i profesionalnim sredstvima sigurnim za ljude, djecu i ku\u0107ne ljubimce, a u nekim slu\u010dajevima mogu\u0107e je \u010di\u0161\u0107enje isklju\u010divo parom, bez dodatnih sredstava.<\/p>\r\n\t\t\t\t\t<\/div><!-- \/.inner -->\r\n\t\t\t\t<\/div>\r\n\t\t\t<\/div>\r\n\t\t\t<\/div>\r\n<\/div>\t\t\t\t<\/div>\n\t\t\t\t<\/div>\n\t\t\t\t\t<\/div>\n\t\t<\/div>\n\t\t\t\t\t<\/div>\n\t\t<\/section>\n\t\t<div class=\"elementor-element elementor-element-4457fe7 e-flex e-con-boxed e-con e-parent\" data-id=\"4457fe7\" data-element_type=\"container\" data-e-type=\"container\">\n\t\t\t\t\t<div class=\"e-con-inner\">\n\t\t\t\t<div class=\"elementor-element elementor-element-18ab456 elementor-widget elementor-widget-ambed-contact-form\" data-id=\"18ab456\" data-element_type=\"widget\" data-e-type=\"widget\" data-widget_type=\"ambed-contact-form.default\">\n\t\t\t\t<div class=\"elementor-widget-container\">\n\t\t\t\t\t\r\n    <!--Contact One Start-->\r\n    <section class=\"contact-one\">\r\n        <div class=\"container\">\r\n                            <div class=\"section-title text-center\">\r\n                                            <span class=\"section-title__tagline\">Trebate dubinsko \u010di\u0161\u0107enje namje\u0161taja?<\/span>\r\n                                                                <h2 class=\"section-title__title\">Zatra\u017eite ponudu<\/h2>\r\n                        <div class=\"section-title__line\"><\/div>\r\n                                    <\/div>\r\n                        <div class=\"row\">\r\n                <div class=\"col-xl-8 col-lg-7\">\r\n                    <div class=\"contact-one__left\">\r\n                                                    <div class=\"wpcf7 no-js\" id=\"wpcf7-f301-o1\" lang=\"en-US\" dir=\"ltr\" data-wpcf7-id=\"301\">\n<div class=\"screen-reader-response\">\n<p role=\"status\" aria-live=\"polite\" aria-atomic=\"true\">\n<ul><\/ul>\n<\/div>\n<form action=\"\/index.php?rest_route=%2Fwp%2Fv2%2Fpages%2F1303#wpcf7-f301-o1\" method=\"post\" class=\"wpcf7-form init c3355ee909f3 cmatic-conn cmatic-aud-1 cmatic-mapd0-0 cmatic-v0978 cmatic-sent-0 cmatic-total-0\" aria-label=\"Contact form\" novalidate=\"novalidate\" data-status=\"init\">\n<fieldset class=\"hidden-fields-container\"><input type=\"hidden\" name=\"_wpcf7\" value=\"301\" \/><input type=\"hidden\" name=\"_wpcf7_version\" value=\"6.1.5\" \/><input type=\"hidden\" name=\"_wpcf7_locale\" value=\"en_US\" \/><input type=\"hidden\" name=\"_wpcf7_unit_tag\" value=\"wpcf7-f301-o1\" \/><input type=\"hidden\" name=\"_wpcf7_container_post\" value=\"0\" \/><input type=\"hidden\" name=\"_wpcf7_posted_data_hash\" value=\"\" \/><input type=\"hidden\" name=\"_wpcf7_recaptcha_response\" value=\"\" \/>\n<\/fieldset>\n<div class=\"comment-one__form\">\n<div class=\"row\">\n<div class=\"col-xl-6\">\n<div class=\"comment-form__input-box\">\n<p><span class=\"wpcf7-form-control-wrap\" data-name=\"your-name\"><input size=\"40\" maxlength=\"400\" class=\"wpcf7-form-control wpcf7-text wpcf7-validates-as-required\" aria-required=\"true\" aria-invalid=\"false\" placeholder=\"Ime\" value=\"\" type=\"text\" name=\"your-name\" \/><\/span>\n\t\t\t\t<\/p>\n<\/p><\/div>\n<\/p><\/div>\n<div class=\"col-xl-6\">\n<div class=\"comment-form__input-box\">\n<p><span class=\"wpcf7-form-control-wrap\" data-name=\"your-email\"><input size=\"40\" maxlength=\"400\" class=\"wpcf7-form-control wpcf7-email wpcf7-validates-as-required wpcf7-text wpcf7-validates-as-email\" aria-required=\"true\" aria-invalid=\"false\" placeholder=\"E-mail adresa\" value=\"\" type=\"email\" name=\"your-email\" \/><\/span>\n\t\t\t\t<\/p>\n<\/p><\/div>\n<\/p><\/div>\n<div class=\"col-xl-6\">\n<div class=\"comment-form__input-box\">\n<p><span class=\"wpcf7-form-control-wrap\" data-name=\"your-phone\"><input size=\"40\" maxlength=\"400\" class=\"wpcf7-form-control wpcf7-text\" aria-invalid=\"false\" placeholder=\"Broj telefona\" value=\"\" type=\"text\" name=\"your-phone\" \/><\/span>\n\t\t\t\t<\/p>\n<\/p><\/div>\n<\/p><\/div>\n<div class=\"col-xl-6\">\n<div class=\"comment-form__input-box\">\n<p><span class=\"wpcf7-form-control-wrap\" data-name=\"your-subject\"><input size=\"40\" maxlength=\"400\" class=\"wpcf7-form-control wpcf7-text\" aria-invalid=\"false\" placeholder=\"Naslov\" value=\"\" type=\"text\" name=\"your-subject\" \/><\/span>\n\t\t\t\t<\/p>\n<\/p><\/div>\n<\/p><\/div>\n<\/p><\/div>\n<div class=\"row\">\n<div class=\"col-xl-12\">\n<div class=\"comment-form__input-box text-message-box\">\n<p><span class=\"wpcf7-form-control-wrap\" data-name=\"your-message\"><textarea cols=\"40\" rows=\"10\" maxlength=\"2000\" class=\"wpcf7-form-control wpcf7-textarea\" aria-invalid=\"false\" placeholder=\"Opi\u0161ite svoj projekt\" name=\"your-message\"><\/textarea><\/span>\n\t\t\t\t<\/p>\n<\/p><\/div>\n<div class=\"comment-form__btn-box\">\n<p><button type=\"submit\" class=\"thm-btn comment-form__btn\">Po\u0161alji<\/button>\n\t\t\t\t<\/p>\n<\/p><\/div>\n<\/p><\/div>\n<\/p><\/div>\n<\/div>\n<div class=\"wpcf7-response-output\" aria-hidden=\"true\"><\/div>\n<\/form>\n<\/div>\n                                            <\/div>\r\n                <\/div>\r\n                <div class=\"col-xl-4 col-lg-5\">\r\n                    <div class=\"contact-one__right\">\r\n                                                    <div class=\"contact-one__right-shape-1\" style=\"background-image: url(https:\/\/spraymajstor.com.hr\/wp-content\/uploads\/2025\/12\/cropped-SPRAY-MAJSTOR.png);\"><\/div>\r\n                                                                            <ul class=\"list-unstyled contact-one__info ml-0\">\r\n                                                                    <li>\r\n                                        <div class=\"contact-one__info-box\">\r\n                                            <p>Nazovite<\/p>\r\n                                            <h5>091\/5055-471<\/h5>\r\n                                        <\/div>\r\n                                    <\/li>\r\n                                                                    <li>\r\n                                        <div class=\"contact-one__info-box\">\r\n                                            <p>E-mail<\/p>\r\n                                            <h5>info@spraymajstor.com.hr<\/h5>\r\n                                        <\/div>\r\n                                    <\/li>\r\n                                                            <\/ul>\r\n                                                                            <div class=\"contact-one__social\">\r\n                                                            <\/div>\r\n                                            <\/div>\r\n                <\/div>\r\n            <\/div>\r\n        <\/div>\r\n    <\/section>\r\n    <!--Contact One End-->\r\n\r\n\t\t\t\t<\/div>\n\t\t\t\t<\/div>\n\t\t\t\t\t<\/div>\n\t\t\t\t<\/div>\n\t\t\t\t<\/div>\n\t\t","protected":false},"excerpt":{"rendered":"<p>O Nama Usluge koje nudimo Galerija Radova Kontakt Jednostavno rje\u0161enjeza Va\u0161 namje\u0161tajSprayMajstor Nazovite 091\/5055-471 Zatra\u017eite ponudu Dubinsko \u010di\u0161\u0107enje namje\u0161taja \u010ci\u0161\u0107enje garnitura, madraca, tepiha i stolaca K\u00e4rcher parnim \u010dista\u010dem \u2013 uklanjamo mrlje, neugodne mirise i bakterije. Koje vrste namje\u0161taja \u010distimo? Garniture i trosjedi Stolice i tapecirani namje\u0161taj Kreveti i madraci Tepisi i tepisoni Uredski i poslovni [&hellip;]<\/p>\n","protected":false},"author":1,"featured_media":1390,"parent":0,"menu_order":0,"comment_status":"closed","ping_status":"closed","template":"elementor_header_footer","meta":{"footnotes":""},"class_list":["post-1303","page","type-page","status-publish","has-post-thumbnail","hentry"],"brizy_media":[],"_links":{"self":[{"href":"https:\/\/spraymajstor.com.hr\/index.php?rest_route=\/wp\/v2\/pages\/1303","targetHints":{"allow":["GET"]}}],"collection":[{"href":"https:\/\/spraymajstor.com.hr\/index.php?rest_route=\/wp\/v2\/pages"}],"about":[{"href":"https:\/\/spraymajstor.com.hr\/index.php?rest_route=\/wp\/v2\/types\/page"}],"author":[{"embeddable":true,"href":"https:\/\/spraymajstor.com.hr\/index.php?rest_route=\/wp\/v2\/users\/1"}],"replies":[{"embeddable":true,"href":"https:\/\/spraymajstor.com.hr\/index.php?rest_route=%2Fwp%2Fv2%2Fcomments&post=1303"}],"version-history":[{"count":6,"href":"https:\/\/spraymajstor.com.hr\/index.php?rest_route=\/wp\/v2\/pages\/1303\/revisions"}],"predecessor-version":[{"id":1755,"href":"https:\/\/spraymajstor.com.hr\/index.php?rest_route=\/wp\/v2\/pages\/1303\/revisions\/1755"}],"wp:featuredmedia":[{"embeddable":true,"href":"https:\/\/spraymajstor.com.hr\/index.php?rest_route=\/wp\/v2\/media\/1390"}],"wp:attachment":[{"href":"https:\/\/spraymajstor.com.hr\/index.php?rest_route=%2Fwp%2Fv2%2Fmedia&parent=1303"}],"curies":[{"name":"wp","href":"https:\/\/api.w.org\/{rel}","templated":true}]}}