{"id":1301,"date":"2022-04-19T07:18:34","date_gmt":"2022-04-19T07:18:34","guid":{"rendered":"http:\/\/bracketweb.com\/ambedwp\/?page_id=23"},"modified":"2026-01-08T13:31:55","modified_gmt":"2026-01-08T13:31:55","slug":"hitno-bojanje-zidova","status":"publish","type":"page","link":"https:\/\/spraymajstor.com.hr\/?page_id=1301","title":{"rendered":"Brze i hitne intervencije"},"content":{"rendered":"\t\t<div data-elementor-type=\"wp-page\" data-elementor-id=\"1301\" class=\"elementor elementor-1301\">\n\t\t\t\t\t\t<section class=\"elementor-section elementor-top-section elementor-element elementor-element-c25df75 elementor-section-boxed elementor-section-height-default elementor-section-height-default\" data-id=\"c25df75\" data-element_type=\"section\" data-e-type=\"section\">\n\t\t\t\t\t\t<div class=\"elementor-container elementor-column-gap-no\">\n\t\t\t\t\t<div class=\"elementor-column elementor-col-50 elementor-top-column elementor-element elementor-element-9101e6d\" data-id=\"9101e6d\" data-element_type=\"column\" data-e-type=\"column\">\n\t\t\t<div class=\"elementor-widget-wrap elementor-element-populated\">\n\t\t\t\t\t\t<div class=\"elementor-element elementor-element-0460895 elementor-widget elementor-widget-footer-sidebar-nav\" data-id=\"0460895\" data-element_type=\"widget\" data-e-type=\"widget\" data-widget_type=\"footer-sidebar-nav.default\">\n\t\t\t\t<div class=\"elementor-widget-container\">\n\t\t\t\t\t<div class=\"service-details__category\">\r\n\t\t\t<ul id=\"menu-izbornik\" class=\"service-details__category-list list-unstyled clearfix ml-0\"><li id=\"menu-item-206\" class=\"menu-item menu-item-type-post_type menu-item-object-page menu-item-206\"><a href=\"https:\/\/spraymajstor.com.hr\/?page_id=1318\"><span class=\"fa fa-angle-right\"><\/span>O Nama<\/a><\/li>\n<li id=\"menu-item-209\" class=\"menu-item menu-item-type-post_type menu-item-object-page menu-item-209\"><a href=\"https:\/\/spraymajstor.com.hr\/?page_id=1299\"><span class=\"fa fa-angle-right\"><\/span>Usluge koje nudimo<\/a><\/li>\n<li id=\"menu-item-1666\" class=\"menu-item menu-item-type-post_type menu-item-object-page menu-item-1666\"><a href=\"https:\/\/spraymajstor.com.hr\/?page_id=1316\"><span class=\"fa fa-angle-right\"><\/span>Galerija Radova<\/a><\/li>\n<li id=\"menu-item-207\" class=\"menu-item menu-item-type-post_type menu-item-object-page menu-item-207\"><a href=\"https:\/\/spraymajstor.com.hr\/?page_id=1294\"><span class=\"fa fa-angle-right\"><\/span>Kontakt<\/a><\/li>\n<li id=\"menu-item-1761\" class=\"menu-item menu-item-type-post_type menu-item-object-page current_page_parent menu-item-1761\"><a href=\"https:\/\/spraymajstor.com.hr\/?page_id=1297\"><span class=\"fa fa-angle-right\"><\/span>Najnoviji \u010dlanci<\/a><\/li>\n<li id=\"menu-item-1762\" class=\"menu-item menu-item-type-post_type menu-item-object-page menu-item-1762\"><a href=\"https:\/\/spraymajstor.com.hr\/?page_id=1317\"><span class=\"fa fa-angle-right\"><\/span>Naj\u010de\u0161\u0107a pitanja i odgovori<\/a><\/li>\n<li id=\"menu-item-1785\" class=\"menu-item menu-item-type-post_type menu-item-object-page menu-item-1785\"><a href=\"https:\/\/spraymajstor.com.hr\/?page_id=1775\"><span class=\"fa fa-angle-right\"><\/span>CJENIK<\/a><\/li>\n<\/ul>\t<\/div>\t\t\t\t<\/div>\n\t\t\t\t<\/div>\n\t\t\t\t<div class=\"elementor-element elementor-element-fe64095 elementor-widget elementor-widget-footer-sidebar-call-to-action\" data-id=\"fe64095\" data-element_type=\"widget\" data-e-type=\"widget\" data-widget_type=\"footer-sidebar-call-to-action.default\">\n\t\t\t\t<div class=\"elementor-widget-container\">\n\t\t\t\t\t<div class=\"service-details__need-help\">\r\n\t<div class=\"service-details__need-help-bg\" style=\"background-image: url(http:\/\/bracketweb.com\/ambedwp\/wp-content\/uploads\/2022\/04\/service-details-need-help-bg.jpg)\">\r\n\t<\/div>\r\n\t<div class=\"service-details__need-help-icon icon-svg-large\">\r\n\t\t<span aria-hidden=\"true\" class=\"  icon-phone-call\"><\/span>\t<\/div>\r\n\t\t\t<h2 class=\"service-details__need-help-title\">Jednostavno rje\u0161enje<br>za Va\u0161e zidove<br>SprayMajstor<\/h2>\r\n\t\t<div class=\"service-details__need-help-contact\">\r\n\t\t<p>Nazovite<\/p>\r\n\t\t<a href=\"tel:+385915055471\"> 091\/5055-471<\/a>\r\n\t<\/div>\r\n<\/div>\t\t\t\t<\/div>\n\t\t\t\t<\/div>\n\t\t\t\t<div class=\"elementor-element elementor-element-07c5fc5 elementor-widget elementor-widget-sidebar-button\" data-id=\"07c5fc5\" data-element_type=\"widget\" data-e-type=\"widget\" data-widget_type=\"sidebar-button.default\">\n\t\t\t\t<div class=\"elementor-widget-container\">\n\t\t\t\t\t<div class=\"service-details__download\">\r\n\t<a target=_blank href=\"https:\/\/spraymajstor.com.hr\/?page_id=1294\" class=\"thm-btn service-details__download-btn\">\r\n\t\tZatra\u017eite Ponudu\t<\/a>\r\n<\/div>\t\t\t\t<\/div>\n\t\t\t\t<\/div>\n\t\t\t\t\t<\/div>\n\t\t<\/div>\n\t\t\t\t<div class=\"elementor-column elementor-col-50 elementor-top-column elementor-element elementor-element-88b2c9b\" data-id=\"88b2c9b\" data-element_type=\"column\" data-e-type=\"column\">\n\t\t\t<div class=\"elementor-widget-wrap elementor-element-populated\">\n\t\t\t\t\t\t<div class=\"elementor-element elementor-element-f08a3ae elementor-widget elementor-widget-ambed-icon-box\" data-id=\"f08a3ae\" data-element_type=\"widget\" data-e-type=\"widget\" data-widget_type=\"ambed-icon-box.default\">\n\t\t\t\t<div class=\"elementor-widget-container\">\n\t\t\t\t\t\t<div class=\"service-details__img\">\r\n\t\t<img decoding=\"async\" src=\"https:\/\/spraymajstor.com.hr\/wp-content\/uploads\/2022\/04\/strojnobvsvaljak.jpg\" alt=\"strojno farbanje\">\r\n\t\t<div class=\"service-details__icon icon-svg-large\">\r\n\t\t\t<svg aria-hidden=\"true\" class=\"  e-font-icon-svg e-far-calendar-times\" viewBox=\"0 0 448 512\" xmlns=\"http:\/\/www.w3.org\/2000\/svg\"><path d=\"M311.7 374.7l-17 17c-4.7 4.7-12.3 4.7-17 0L224 337.9l-53.7 53.7c-4.7 4.7-12.3 4.7-17 0l-17-17c-4.7-4.7-4.7-12.3 0-17l53.7-53.7-53.7-53.7c-4.7-4.7-4.7-12.3 0-17l17-17c4.7-4.7 12.3-4.7 17 0l53.7 53.7 53.7-53.7c4.7-4.7 12.3-4.7 17 0l17 17c4.7 4.7 4.7 12.3 0 17L257.9 304l53.7 53.7c4.8 4.7 4.8 12.3.1 17zM448 112v352c0 26.5-21.5 48-48 48H48c-26.5 0-48-21.5-48-48V112c0-26.5 21.5-48 48-48h48V12c0-6.6 5.4-12 12-12h40c6.6 0 12 5.4 12 12v52h128V12c0-6.6 5.4-12 12-12h40c6.6 0 12 5.4 12 12v52h48c26.5 0 48 21.5 48 48zm-48 346V160H48v298c0 3.3 2.7 6 6 6h340c3.3 0 6-2.7 6-6z\"><\/path><\/svg>\t\t<\/div>\r\n\t<\/div>\r\n\t\t\t\t<\/div>\n\t\t\t\t<\/div>\n\t\t\t\t<div class=\"elementor-element elementor-element-dd7b50e elementor-widget elementor-widget-heading\" data-id=\"dd7b50e\" data-element_type=\"widget\" data-e-type=\"widget\" data-widget_type=\"heading.default\">\n\t\t\t\t\t<h2 class=\"elementor-heading-title elementor-size-default\">Hitno bojanje zidova u Zagrebu<\/h2>\t\t\t\t<\/div>\n\t\t\t\t<div class=\"elementor-element elementor-element-77e5c68 elementor-widget elementor-widget-text-editor\" data-id=\"77e5c68\" data-element_type=\"widget\" data-e-type=\"widget\" data-widget_type=\"text-editor.default\">\n\t\t\t\t\t\t\t\t\t<p data-start=\"560\" data-end=\"761\">Trebate <strong data-start=\"568\" data-end=\"602\">hitno bojanje zidova u Zagrebu<\/strong> i nemate vremena \u010dekati tjednima?<br data-start=\"636\" data-end=\"639\" \/>Nudimo <strong data-start=\"646\" data-end=\"686\">brze i pouzdane intervencije bojanja<\/strong> uz profesionalno strojno nano\u0161enje boje, bez tragova i dugotrajnog nereda.<\/p><p data-start=\"763\" data-end=\"843\">Idealno rje\u0161enje kada vam je bojanje potrebno <strong data-start=\"809\" data-end=\"842\">odmah ili u vrlo kratkom roku<\/strong>.<\/p>\t\t\t\t\t\t\t\t<\/div>\n\t\t\t\t<div class=\"elementor-element elementor-element-896e74b elementor-widget elementor-widget-text-editor\" data-id=\"896e74b\" data-element_type=\"widget\" data-e-type=\"widget\" data-widget_type=\"text-editor.default\">\n\t\t\t\t\t\t\t\t\t<h2 data-start=\"1189\" data-end=\"1249\">Brza i u\u010dinkovita izvedba bez kompromisa na kvaliteti<\/h2><p data-start=\"1251\" data-end=\"1385\">Iako se radi o hitnim intervencijama, <strong data-start=\"1289\" data-end=\"1325\">ne radimo kompromis na kvaliteti<\/strong>.<br data-start=\"1326\" data-end=\"1329\" \/>Koristimo profesionalne airless strojeve koji omogu\u0107uju:<\/p><ul data-start=\"1386\" data-end=\"1471\"><li data-start=\"1386\" data-end=\"1412\"><p data-start=\"1388\" data-end=\"1412\">ravnomjeran nanos boje<\/p><\/li><li data-start=\"1413\" data-end=\"1429\"><p data-start=\"1415\" data-end=\"1429\">br\u017ee su\u0161enje<\/p><\/li><li data-start=\"1430\" data-end=\"1471\"><p data-start=\"1432\" data-end=\"1471\">uredan i profesionalan zavr\u0161ni izgled<\/p><\/li><\/ul><p data-start=\"1473\" data-end=\"1538\">U mnogim slu\u010dajevima, <strong data-start=\"1495\" data-end=\"1537\">bojanje mo\u017ee biti gotovo u jednom danu<\/strong>.<\/p>\t\t\t\t\t\t\t\t<\/div>\n\t\t\t\t<div class=\"elementor-element elementor-element-17d4ddb elementor-widget elementor-widget-text-editor\" data-id=\"17d4ddb\" data-element_type=\"widget\" data-e-type=\"widget\" data-widget_type=\"text-editor.default\">\n\t\t\t\t\t\t\t\t\t<h2 data-start=\"1803\" data-end=\"1851\"><span style=\"font-size: 2rem;\">Minimalan nered i uredan prostor<\/span><\/h2><p data-start=\"1586\" data-end=\"1621\">Svaka hitna intervencija uklju\u010duje:<\/p><ul data-start=\"1622\" data-end=\"1722\"><li data-start=\"1622\" data-end=\"1653\"><p data-start=\"1624\" data-end=\"1653\">za\u0161titu podova i namje\u0161taja<\/p><\/li><li data-start=\"1654\" data-end=\"1683\"><p data-start=\"1656\" data-end=\"1683\">precizno izvo\u0111enje radova<\/p><\/li><li data-start=\"1684\" data-end=\"1722\"><p data-start=\"1686\" data-end=\"1722\">temeljito \u010di\u0161\u0107enje nakon zavr\u0161etka<\/p><\/li><\/ul><p data-start=\"1724\" data-end=\"1796\">Prostor ostavljamo <strong data-start=\"1743\" data-end=\"1795\">\u010dist i spreman za kori\u0161tenje odmah nakon bojanja<\/strong>.<\/p>\t\t\t\t\t\t\t\t<\/div>\n\t\t\t\t<div class=\"elementor-element elementor-element-58061e2 elementor-widget elementor-widget-ambed-our-benefit\" data-id=\"58061e2\" data-element_type=\"widget\" data-e-type=\"widget\" data-widget_type=\"ambed-our-benefit.default\">\n\t\t\t\t<div class=\"elementor-widget-container\">\n\t\t\t\t\t\r\n    <div class=\"service-details__benefits\">\r\n        <div class=\"row\">\r\n            <div class=\"col-xl-6\">\r\n                                    <div class=\"service-details__benefits-img\">\r\n                        <img decoding=\"async\" src=\"https:\/\/spraymajstor.com.hr\/wp-content\/uploads\/2022\/04\/strojno-bojanje.webp\" alt=\"strojno bojanje hitno\">\r\n                    <\/div>\r\n                            <\/div>\r\n            <div class=\"col-xl-6\">\r\n                <div class=\"service-details__benefits-right\">\r\n                                            <h3 class=\"service-details__benefits-title\">Kada je hitno bojanje pravo rje\u0161enje?<\/h3>\r\n                                                                <p class=\"service-betails__benefits-text-1\">Hitne intervencije naj\u010de\u0161\u0107e su potrebne:<\/p>\r\n                                                                <ul class=\"list-unstyled service-details__benefits-points ml-0\">\r\n                                                            <li>\r\n                                    <div class=\"icon icon-svg\">\r\n                                        <svg aria-hidden=\"true\" class=\"  e-font-icon-svg e-fas-check\" viewBox=\"0 0 512 512\" xmlns=\"http:\/\/www.w3.org\/2000\/svg\"><path d=\"M173.898 439.404l-166.4-166.4c-9.997-9.997-9.997-26.206 0-36.204l36.203-36.204c9.997-9.998 26.207-9.998 36.204 0L192 312.69 432.095 72.596c9.997-9.997 26.207-9.997 36.204 0l36.203 36.204c9.997 9.997 9.997 26.206 0 36.204l-294.4 294.401c-9.998 9.997-26.207 9.997-36.204-.001z\"><\/path><\/svg>                                    <\/div>\r\n                                    <div class=\"text\">\r\n                                        <p>prije useljenja\n\n<\/p>\r\n                                    <\/div>\r\n                                <\/li>\r\n                                                            <li>\r\n                                    <div class=\"icon icon-svg\">\r\n                                        <i aria-hidden=\"true\" class=\"  fa fa-check\"><\/i>                                    <\/div>\r\n                                    <div class=\"text\">\r\n                                        <p>prije predaje stana ili poslovnog prostora\n\n<\/p>\r\n                                    <\/div>\r\n                                <\/li>\r\n                                                            <li>\r\n                                    <div class=\"icon icon-svg\">\r\n                                        <i aria-hidden=\"true\" class=\"  fa fa-check\"><\/i>                                    <\/div>\r\n                                    <div class=\"text\">\r\n                                        <p>nakon manjih o\u0161te\u0107enja zidova\n\n<\/p>\r\n                                    <\/div>\r\n                                <\/li>\r\n                                                            <li>\r\n                                    <div class=\"icon icon-svg\">\r\n                                        <i aria-hidden=\"true\" class=\"  fa fa-check\"><\/i>                                    <\/div>\r\n                                    <div class=\"text\">\r\n                                        <p>prije otvaranja lokala ili ureda\n\n<\/p>\r\n                                    <\/div>\r\n                                <\/li>\r\n                                                            <li>\r\n                                    <div class=\"icon icon-svg\">\r\n                                        <i aria-hidden=\"true\" class=\"  fa fa-check\"><\/i>                                    <\/div>\r\n                                    <div class=\"text\">\r\n                                        <p>kod kratkih rokova i neodgodivih situacija\n\n<\/p>\r\n                                    <\/div>\r\n                                <\/li>\r\n                                                    <\/ul>\r\n                                    <\/div>\r\n            <\/div>\r\n        <\/div>\r\n    <\/div>\r\n\r\n\t\t\t\t<\/div>\n\t\t\t\t<\/div>\n\t\t\t\t<div class=\"elementor-element elementor-element-6a35cb0 elementor-widget elementor-widget-text-editor\" data-id=\"6a35cb0\" data-element_type=\"widget\" data-e-type=\"widget\" data-widget_type=\"text-editor.default\">\n\t\t\t\t\t\t\t\t\t<h2 data-start=\"1803\" data-end=\"1851\">Za koga je usluga hitnog bojanja idealna?<\/h2><p data-start=\"1853\" data-end=\"2001\">\u2714 privatni klijenti s kratkim rokovima<br data-start=\"1891\" data-end=\"1894\" \/>\u2714 najmodavci i investitori<br data-start=\"1920\" data-end=\"1923\" \/>\u2714 poslovni korisnici<br data-start=\"1943\" data-end=\"1946\" \/>\u2714 klijenti kojima je potrebna brza usluga bez \u010dekanja<\/p><p data-start=\"2003\" data-end=\"2078\">Ako vam je bitna <strong data-start=\"2020\" data-end=\"2055\">dostupnost, brzina i pouzdanost<\/strong>, ova usluga je za vas.<\/p>\t\t\t\t\t\t\t\t<\/div>\n\t\t\t\t\t<\/div>\n\t\t<\/div>\n\t\t\t\t\t<\/div>\n\t\t<\/section>\n\t\t<div class=\"elementor-element elementor-element-6ca1f37 e-flex e-con-boxed e-con e-parent\" data-id=\"6ca1f37\" data-element_type=\"container\" data-e-type=\"container\">\n\t\t\t\t\t<div class=\"e-con-inner\">\n\t\t\t\t<div class=\"elementor-element elementor-element-12f2cd8 elementor-widget elementor-widget-ambed-contact-form\" data-id=\"12f2cd8\" data-element_type=\"widget\" data-e-type=\"widget\" data-widget_type=\"ambed-contact-form.default\">\n\t\t\t\t<div class=\"elementor-widget-container\">\n\t\t\t\t\t\r\n    <!--Contact One Start-->\r\n    <section class=\"contact-one\">\r\n        <div class=\"container\">\r\n                            <div class=\"section-title text-center\">\r\n                                            <span class=\"section-title__tagline\">Trebate hitno bojanje zidova?\n\n<\/span>\r\n                                                                <h2 class=\"section-title__title\">Kontaktirajte nas odmah<\/h2>\r\n                        <div class=\"section-title__line\"><\/div>\r\n                                    <\/div>\r\n                        <div class=\"row\">\r\n                <div class=\"col-xl-8 col-lg-7\">\r\n                    <div class=\"contact-one__left\">\r\n                                                    <div class=\"wpcf7 no-js\" id=\"wpcf7-f301-o1\" lang=\"en-US\" dir=\"ltr\" data-wpcf7-id=\"301\">\n<div class=\"screen-reader-response\">\n<p role=\"status\" aria-live=\"polite\" aria-atomic=\"true\">\n<ul><\/ul>\n<\/div>\n<form action=\"\/index.php?rest_route=%2Fwp%2Fv2%2Fpages%2F1301#wpcf7-f301-o1\" method=\"post\" class=\"wpcf7-form init c3355ee909f3 cmatic-conn cmatic-aud-1 cmatic-mapd0-0 cmatic-v0978 cmatic-sent-0 cmatic-total-0\" aria-label=\"Contact form\" novalidate=\"novalidate\" data-status=\"init\">\n<fieldset class=\"hidden-fields-container\"><input type=\"hidden\" name=\"_wpcf7\" value=\"301\" \/><input type=\"hidden\" name=\"_wpcf7_version\" value=\"6.1.5\" \/><input type=\"hidden\" name=\"_wpcf7_locale\" value=\"en_US\" \/><input type=\"hidden\" name=\"_wpcf7_unit_tag\" value=\"wpcf7-f301-o1\" \/><input type=\"hidden\" name=\"_wpcf7_container_post\" value=\"0\" \/><input type=\"hidden\" name=\"_wpcf7_posted_data_hash\" value=\"\" \/><input type=\"hidden\" name=\"_wpcf7_recaptcha_response\" value=\"\" \/>\n<\/fieldset>\n<div class=\"comment-one__form\">\n<div class=\"row\">\n<div class=\"col-xl-6\">\n<div class=\"comment-form__input-box\">\n<p><span class=\"wpcf7-form-control-wrap\" data-name=\"your-name\"><input size=\"40\" maxlength=\"400\" class=\"wpcf7-form-control wpcf7-text wpcf7-validates-as-required\" aria-required=\"true\" aria-invalid=\"false\" placeholder=\"Ime\" value=\"\" type=\"text\" name=\"your-name\" \/><\/span>\n\t\t\t\t<\/p>\n<\/p><\/div>\n<\/p><\/div>\n<div class=\"col-xl-6\">\n<div class=\"comment-form__input-box\">\n<p><span class=\"wpcf7-form-control-wrap\" data-name=\"your-email\"><input size=\"40\" maxlength=\"400\" class=\"wpcf7-form-control wpcf7-email wpcf7-validates-as-required wpcf7-text wpcf7-validates-as-email\" aria-required=\"true\" aria-invalid=\"false\" placeholder=\"E-mail adresa\" value=\"\" type=\"email\" name=\"your-email\" \/><\/span>\n\t\t\t\t<\/p>\n<\/p><\/div>\n<\/p><\/div>\n<div class=\"col-xl-6\">\n<div class=\"comment-form__input-box\">\n<p><span class=\"wpcf7-form-control-wrap\" data-name=\"your-phone\"><input size=\"40\" maxlength=\"400\" class=\"wpcf7-form-control wpcf7-text\" aria-invalid=\"false\" placeholder=\"Broj telefona\" value=\"\" type=\"text\" name=\"your-phone\" \/><\/span>\n\t\t\t\t<\/p>\n<\/p><\/div>\n<\/p><\/div>\n<div class=\"col-xl-6\">\n<div class=\"comment-form__input-box\">\n<p><span class=\"wpcf7-form-control-wrap\" data-name=\"your-subject\"><input size=\"40\" maxlength=\"400\" class=\"wpcf7-form-control wpcf7-text\" aria-invalid=\"false\" placeholder=\"Naslov\" value=\"\" type=\"text\" name=\"your-subject\" \/><\/span>\n\t\t\t\t<\/p>\n<\/p><\/div>\n<\/p><\/div>\n<\/p><\/div>\n<div class=\"row\">\n<div class=\"col-xl-12\">\n<div class=\"comment-form__input-box text-message-box\">\n<p><span class=\"wpcf7-form-control-wrap\" data-name=\"your-message\"><textarea cols=\"40\" rows=\"10\" maxlength=\"2000\" class=\"wpcf7-form-control wpcf7-textarea\" aria-invalid=\"false\" placeholder=\"Opi\u0161ite svoj projekt\" name=\"your-message\"><\/textarea><\/span>\n\t\t\t\t<\/p>\n<\/p><\/div>\n<div class=\"comment-form__btn-box\">\n<p><button type=\"submit\" class=\"thm-btn comment-form__btn\">Po\u0161alji<\/button>\n\t\t\t\t<\/p>\n<\/p><\/div>\n<\/p><\/div>\n<\/p><\/div>\n<\/div>\n<div class=\"wpcf7-response-output\" aria-hidden=\"true\"><\/div>\n<\/form>\n<\/div>\n                                            <\/div>\r\n                <\/div>\r\n                <div class=\"col-xl-4 col-lg-5\">\r\n                    <div class=\"contact-one__right\">\r\n                                                                            <ul class=\"list-unstyled contact-one__info ml-0\">\r\n                                                                    <li>\r\n                                        <div class=\"contact-one__info-box\">\r\n                                            <p>Nazovite<\/p>\r\n                                            <h5>091\/5055-471<\/h5>\r\n                                        <\/div>\r\n                                    <\/li>\r\n                                                                    <li>\r\n                                        <div class=\"contact-one__info-box\">\r\n                                            <p>E-mail<\/p>\r\n                                            <h5>info@spraymajstor.com.hr<\/h5>\r\n                                        <\/div>\r\n                                    <\/li>\r\n                                                            <\/ul>\r\n                                                                            <div class=\"contact-one__social\">\r\n                                                            <\/div>\r\n                                            <\/div>\r\n                <\/div>\r\n            <\/div>\r\n        <\/div>\r\n    <\/section>\r\n    <!--Contact One End-->\r\n\r\n\t\t\t\t<\/div>\n\t\t\t\t<\/div>\n\t\t\t\t\t<\/div>\n\t\t\t\t<\/div>\n\t\t\t\t<\/div>\n\t\t","protected":false},"excerpt":{"rendered":"<p>O Nama Usluge koje nudimo Galerija Radova Kontakt Jednostavno rje\u0161enjeza Va\u0161e zidoveSprayMajstor Nazovite 091\/5055-471 Zatra\u017eite Ponudu Hitno bojanje zidova u Zagrebu Trebate hitno bojanje zidova u Zagrebu i nemate vremena \u010dekati tjednima?Nudimo brze i pouzdane intervencije bojanja uz profesionalno strojno nano\u0161enje boje, bez tragova i dugotrajnog nereda. Idealno rje\u0161enje kada vam je bojanje potrebno odmah [&hellip;]<\/p>\n","protected":false},"author":1,"featured_media":1390,"parent":0,"menu_order":0,"comment_status":"closed","ping_status":"closed","template":"elementor_header_footer","meta":{"footnotes":""},"class_list":["post-1301","page","type-page","status-publish","has-post-thumbnail","hentry"],"brizy_media":[],"_links":{"self":[{"href":"https:\/\/spraymajstor.com.hr\/index.php?rest_route=\/wp\/v2\/pages\/1301","targetHints":{"allow":["GET"]}}],"collection":[{"href":"https:\/\/spraymajstor.com.hr\/index.php?rest_route=\/wp\/v2\/pages"}],"about":[{"href":"https:\/\/spraymajstor.com.hr\/index.php?rest_route=\/wp\/v2\/types\/page"}],"author":[{"embeddable":true,"href":"https:\/\/spraymajstor.com.hr\/index.php?rest_route=\/wp\/v2\/users\/1"}],"replies":[{"embeddable":true,"href":"https:\/\/spraymajstor.com.hr\/index.php?rest_route=%2Fwp%2Fv2%2Fcomments&post=1301"}],"version-history":[{"count":6,"href":"https:\/\/spraymajstor.com.hr\/index.php?rest_route=\/wp\/v2\/pages\/1301\/revisions"}],"predecessor-version":[{"id":1751,"href":"https:\/\/spraymajstor.com.hr\/index.php?rest_route=\/wp\/v2\/pages\/1301\/revisions\/1751"}],"wp:featuredmedia":[{"embeddable":true,"href":"https:\/\/spraymajstor.com.hr\/index.php?rest_route=\/wp\/v2\/media\/1390"}],"wp:attachment":[{"href":"https:\/\/spraymajstor.com.hr\/index.php?rest_route=%2Fwp%2Fv2%2Fmedia&parent=1301"}],"curies":[{"name":"wp","href":"https:\/\/api.w.org\/{rel}","templated":true}]}}